{"id":46610,"date":"2023-12-12T10:52:20","date_gmt":"2023-12-12T09:52:20","guid":{"rendered":"https:\/\/pet-shopping.de\/shop\/produkt\/karlie-kofferraumschutzdecke-no-limit\/"},"modified":"2023-12-12T10:52:22","modified_gmt":"2023-12-12T09:52:22","slug":"karlie-kofferraumschutzdecke-no-limit","status":"publish","type":"product","link":"https:\/\/all-pets.de\/shop\/produkt\/karlie-kofferraumschutzdecke-no-limit\/","title":{"rendered":"Karlie Kofferraumschutzdecke NO LIMIT"},"content":{"rendered":"<p>Die Kofferraumschutzdecke No Limit ist mit original Teflon\u00ae beschichtet und bietet einen idealen Schutz gegen Schmutz, Feuchtigkeit und Tierhaare. Das wasserfeste Nylonmaterial ist auf der R\u00fcckseite mit einer speziellen Anti-Rutschbeschichtung versehen. Der praktische Sto\u00dfstangenschutz (gegen Kratzer) fungiert auch als Barriere und erschwert ein unkontrolliertes Herausspringen. Eine flexible Passform und einfache Befestigung wird durch Klettverschl\u00fcsse erreicht. Spezielle \u00d6ffnungsschlitze erm\u00f6glichen das Verbinden eines Hundesicherheitsgurtes mit dem PKW Gurtschloss. Mit Utensilientaschen.<\/p>\n<p>Ma\u00dfe: ca. 165 x 126 cm<\/p>\n<p>No Limit bedeutet hohe Funktion und Top-Qualit\u00e4t. Denn die Artikel sind mit original DuPont TEFLON\u00ae fabric protector ausger\u00fcstet. Das ist ein hochwertiger Schutz gegen Wasser und Flecken, der jedoch in keinster Weise das Aussehen, den Griff oder die Atmungsaktivit\u00e4t des Stoffes oder Materials beeintr\u00e4chtigt. Fl\u00fcssigkeiten perlen ab und werden einfach abgewischt. Auch eingetrocknete Flecken lassen sich meist leicht entfernen. TEFLON\u00ae ist eine Marke von DuPont, die unter Lizenz von KARLIE Heimtierbedarf GmbH genutzt wird.<\/p>\n","protected":false},"excerpt":{"rendered":"<p>Die Kofferraumschutzdecke No Limit ist mit original Teflon\u00ae beschichtet und bietet einen idealen Schutz gegen Schmutz, Feuchtigkeit und Tierhaare. Das wasserfeste Nylonmaterial ist auf der R\u00fcckseite mit einer speziellen Anti-Rutschbeschichtung versehen. Der praktische Sto\u00dfstangenschutz (gegen Kratzer) fungiert auch als Barriere und erschwert ein unkontrolliertes Herausspringen. Eine flexible Passform und einfache Befestigung wird durch Klettverschl\u00fcsse erreicht. [&hellip;]<\/p>\n","protected":false},"featured_media":36444,"comment_status":"closed","ping_status":"open","template":"","meta":[],"product_cat":[13691],"product_tag":[],"class_list":{"0":"post-46610","1":"product","2":"type-product","3":"status-publish","4":"has-post-thumbnail","6":"product_cat-autozubehoer","8":"first","9":"instock","10":"taxable","11":"shipping-taxable","12":"purchasable","13":"product-type-simple"},"_links":{"self":[{"href":"https:\/\/all-pets.de\/shop\/wp-json\/wp\/v2\/product\/46610","targetHints":{"allow":["GET"]}}],"collection":[{"href":"https:\/\/all-pets.de\/shop\/wp-json\/wp\/v2\/product"}],"about":[{"href":"https:\/\/all-pets.de\/shop\/wp-json\/wp\/v2\/types\/product"}],"replies":[{"embeddable":true,"href":"https:\/\/all-pets.de\/shop\/wp-json\/wp\/v2\/comments?post=46610"}],"wp:featuredmedia":[{"embeddable":true,"href":"https:\/\/all-pets.de\/shop\/wp-json\/wp\/v2\/media\/36444"}],"wp:attachment":[{"href":"https:\/\/all-pets.de\/shop\/wp-json\/wp\/v2\/media?parent=46610"}],"wp:term":[{"taxonomy":"product_cat","embeddable":true,"href":"https:\/\/all-pets.de\/shop\/wp-json\/wp\/v2\/product_cat?post=46610"},{"taxonomy":"product_tag","embeddable":true,"href":"https:\/\/all-pets.de\/shop\/wp-json\/wp\/v2\/product_tag?post=46610"}],"curies":[{"name":"wp","href":"https:\/\/api.w.org\/{rel}","templated":true}]}}