{"id":46611,"date":"2023-12-12T10:52:20","date_gmt":"2023-12-12T09:52:20","guid":{"rendered":"https:\/\/pet-shopping.de\/shop\/produkt\/trixie-cat-activity-turn-around\/"},"modified":"2023-12-12T10:52:22","modified_gmt":"2023-12-12T09:52:22","slug":"trixie-cat-activity-turn-around","status":"publish","type":"product","link":"https:\/\/all-pets.de\/shop\/produkt\/trixie-cat-activity-turn-around\/","title":{"rendered":"Trixie Cat Activity Turn Around"},"content":{"rendered":"<p>Katzen sind sehr verspielte und neugierige Tiere. Sie wollen nicht nur k\u00f6rperlich durch Spiele besch\u00e4ftigt und neu herausgefordert werden, sondern auch geistig. <\/p>\n<p>Der Turn Around besteht aus einer Grundplatte mit Zapfen, auf welcher ein St\u00e4nder mit drei variablen Bechern befestigt ist. Diese lassen sich unabh\u00e4ngig voneinander drehen und k\u00f6nnen mit einem Deckel verschlossen werden. <\/p>\n<p>Das Verstecken von Leckerlis in den Bechern wird das Interesse Ihrer Katze wecken. Sie ersp\u00e4ht die Belohnung und versucht sie durch Strategie, Geschicklichkeit und Ausdauer zu erbeuten. Nach einer gewissen \u00dcbungszeit gelingt es ihr, die Becher mit ihrer Pfote zu drehen, bis einige Leckerlis auf die Grundplatte mit den Zapfen fallen. Mit ein wenig &#8218;Pfoten-Geschick&#8216; kann sie ihre Belohnung dann herauspf\u00f6teln. <\/p>\n<p>Details:<br \/> &#8211; robuster Kunststoff<br \/> &#8211; das intelligente Spielzeug f\u00fcr Katzen<br \/> &#8211; unterschiedliche Aufgaben: versteckte Leckerbissen in den Bechern und auf der Grundplatte mit Zapfen<br \/> &#8211; k\u00f6rperliche Besch\u00e4ftigung und geistige Auslastung<br \/> &#8211; schult die Geschicklichkeit<br \/> &#8211; auch f\u00fcr \u00e4ltere oder kranke Tiere geeigne <\/p>\n<p> \u00a0Gesamtma\u00dfe: ca. 22 x 33 x 18 cm <\/p>\n<p><\/p>\n","protected":false},"excerpt":{"rendered":"<p>Katzen sind sehr verspielte und neugierige Tiere. Sie wollen nicht nur k\u00f6rperlich durch Spiele besch\u00e4ftigt und neu herausgefordert werden, sondern auch geistig. Der Turn Around besteht aus einer Grundplatte mit Zapfen, auf welcher ein St\u00e4nder mit drei variablen Bechern befestigt ist. Diese lassen sich unabh\u00e4ngig voneinander drehen und k\u00f6nnen mit einem Deckel verschlossen werden. Das [&hellip;]<\/p>\n","protected":false},"featured_media":36217,"comment_status":"closed","ping_status":"open","template":"","meta":[],"product_cat":[14509],"product_tag":[],"class_list":{"0":"post-46611","1":"product","2":"type-product","3":"status-publish","4":"has-post-thumbnail","6":"product_cat-weitere-spielzeuge-katzenspielzeug-intelligenz-spielzeugkatzenwelt-katzenspielzeug","8":"first","9":"instock","10":"taxable","11":"shipping-taxable","12":"purchasable","13":"product-type-simple"},"_links":{"self":[{"href":"https:\/\/all-pets.de\/shop\/wp-json\/wp\/v2\/product\/46611","targetHints":{"allow":["GET"]}}],"collection":[{"href":"https:\/\/all-pets.de\/shop\/wp-json\/wp\/v2\/product"}],"about":[{"href":"https:\/\/all-pets.de\/shop\/wp-json\/wp\/v2\/types\/product"}],"replies":[{"embeddable":true,"href":"https:\/\/all-pets.de\/shop\/wp-json\/wp\/v2\/comments?post=46611"}],"wp:featuredmedia":[{"embeddable":true,"href":"https:\/\/all-pets.de\/shop\/wp-json\/wp\/v2\/media\/36217"}],"wp:attachment":[{"href":"https:\/\/all-pets.de\/shop\/wp-json\/wp\/v2\/media?parent=46611"}],"wp:term":[{"taxonomy":"product_cat","embeddable":true,"href":"https:\/\/all-pets.de\/shop\/wp-json\/wp\/v2\/product_cat?post=46611"},{"taxonomy":"product_tag","embeddable":true,"href":"https:\/\/all-pets.de\/shop\/wp-json\/wp\/v2\/product_tag?post=46611"}],"curies":[{"name":"wp","href":"https:\/\/api.w.org\/{rel}","templated":true}]}}