{"id":46614,"date":"2023-12-12T10:52:24","date_gmt":"2023-12-12T09:52:24","guid":{"rendered":"https:\/\/pet-shopping.de\/shop\/produkt\/trixie-dog-activity-chess\/"},"modified":"2023-12-12T10:52:24","modified_gmt":"2023-12-12T09:52:24","slug":"trixie-dog-activity-chess","status":"publish","type":"product","link":"https:\/\/all-pets.de\/shop\/produkt\/trixie-dog-activity-chess\/","title":{"rendered":"Trixie Dog Activity Chess"},"content":{"rendered":"<p>Hunde sind sehr intelligente und wissbegierige Tiere. Sie wollen nicht nur k\u00f6rperlich durch Spiele und Training besch\u00e4ftigt und neu herausgefordert werden, sondern auch geistig. <\/p>\n<p>Chess ist ein Brettspiel mit Kegeln und kleinen Vertiefungen. Dort werden kleine Leckerlis versteckt, die Ihr Hund versucht aufzusp\u00fcren. Nach einer gewissen \u00dcbungszeit gelingt es ihm, die Kunststoffkegel anzuheben, die F\u00e4cher mit seiner Nase oder seinen Pfoten zu \u00f6ffnen und sich die Belohnung zu erobern. <\/p>\n<p>Chess ist f\u00fcr die meisten Hunde recht anspruchsvoll. Es ist eine Steigerung zum &#8222;Solit\u00e4r&#8220;-Spiel und sollte nur nach einem erfolgreichen Training mit diesem Spiel angewendet werden. In dem beiliegenden \u00dcbungsheft erhalten Sie viele Tipps und Tricks, wie Sie das Training f\u00fcr Ihren Hund optimal und mit viel Freude gestalten k\u00f6nnen. Die Kunststoffkegel sind Sp\u00fclmaschinen geeignet. <\/p>\n<p>Details:<br \/> &#8211; Belohnung durch versteckte Leckerlis<br \/> &#8211; inkl. \u00dcbungsheft mit Tipps und Tricks f\u00fcr das optimale Training<br \/> &#8211; Kunststoff<br \/> &#8211; rutschfest durch Gummif\u00fc\u00dfe<br \/> &#8211; Brettspiel mit 4 Kegeln sowie diversen kleinen Vertiefungen und Schubf\u00e4chern<br \/> &#8211; anspruchsvolles Brettspiel f\u00fcr Profis. Kegel und Schieber m\u00fcssen abwechselnd bewegt werden, um die Belohnung zu bekommen<\/p>\n<p>Ma\u00dfe: ca. 40 x 10 x 27 cm<\/p>\n","protected":false},"excerpt":{"rendered":"<p>Hunde sind sehr intelligente und wissbegierige Tiere. Sie wollen nicht nur k\u00f6rperlich durch Spiele und Training besch\u00e4ftigt und neu herausgefordert werden, sondern auch geistig. Chess ist ein Brettspiel mit Kegeln und kleinen Vertiefungen. Dort werden kleine Leckerlis versteckt, die Ihr Hund versucht aufzusp\u00fcren. Nach einer gewissen \u00dcbungszeit gelingt es ihm, die Kunststoffkegel anzuheben, die F\u00e4cher [&hellip;]<\/p>\n","protected":false},"featured_media":36215,"comment_status":"closed","ping_status":"open","template":"","meta":[],"product_cat":[13793],"product_tag":[],"class_list":{"0":"post-46614","1":"product","2":"type-product","3":"status-publish","4":"has-post-thumbnail","6":"product_cat-intelligenz","8":"first","9":"instock","10":"taxable","11":"shipping-taxable","12":"purchasable","13":"product-type-simple"},"_links":{"self":[{"href":"https:\/\/all-pets.de\/shop\/wp-json\/wp\/v2\/product\/46614","targetHints":{"allow":["GET"]}}],"collection":[{"href":"https:\/\/all-pets.de\/shop\/wp-json\/wp\/v2\/product"}],"about":[{"href":"https:\/\/all-pets.de\/shop\/wp-json\/wp\/v2\/types\/product"}],"replies":[{"embeddable":true,"href":"https:\/\/all-pets.de\/shop\/wp-json\/wp\/v2\/comments?post=46614"}],"wp:featuredmedia":[{"embeddable":true,"href":"https:\/\/all-pets.de\/shop\/wp-json\/wp\/v2\/media\/36215"}],"wp:attachment":[{"href":"https:\/\/all-pets.de\/shop\/wp-json\/wp\/v2\/media?parent=46614"}],"wp:term":[{"taxonomy":"product_cat","embeddable":true,"href":"https:\/\/all-pets.de\/shop\/wp-json\/wp\/v2\/product_cat?post=46614"},{"taxonomy":"product_tag","embeddable":true,"href":"https:\/\/all-pets.de\/shop\/wp-json\/wp\/v2\/product_tag?post=46614"}],"curies":[{"name":"wp","href":"https:\/\/api.w.org\/{rel}","templated":true}]}}