{"id":46615,"date":"2023-12-12T10:52:24","date_gmt":"2023-12-12T09:52:24","guid":{"rendered":"https:\/\/pet-shopping.de\/shop\/produkt\/trixie-nagerhaus-tammo\/"},"modified":"2023-12-12T10:52:24","modified_gmt":"2023-12-12T09:52:24","slug":"trixie-nagerhaus-tammo","status":"publish","type":"product","link":"https:\/\/all-pets.de\/shop\/produkt\/trixie-nagerhaus-tammo\/","title":{"rendered":"Trixie Nagerhaus Tammo"},"content":{"rendered":"<p>Das Nagerhaus Tammo stellt eine Residenz der Extraklasse dar. Es erstreckt sich \u00fcber drei Etagen und zwei Terassen. Ein Baumrindentunnel mit L\u00f6chern f\u00fchrt den Bewohner in das zweite Stockwerk, \u00fcber eine Leiter zum Einh\u00e4ngen wird das erste Stockwerk erreicht, welches mit zwei Ein- bzw. Ausg\u00e4ngen ausgestattet ist. Das Haus im Erdgeschoss ist im Boden mit einem gro\u00dfen Loch versehen, was die Reinigung erheblich vereinfacht. <\/p>\n<p> Die \u00d6ffnungen sind ca. 3,5 bis 4 cm gro\u00df. Das Haus eignet sich f\u00fcr Hamster, M\u00e4use und andere Kleinnager.<\/p>\n<p>Gesamtma\u00dfe: ca. 25 x 30 x 12 cm (BxHxT) <\/p>\n","protected":false},"excerpt":{"rendered":"<p>Das Nagerhaus Tammo stellt eine Residenz der Extraklasse dar. Es erstreckt sich \u00fcber drei Etagen und zwei Terassen. Ein Baumrindentunnel mit L\u00f6chern f\u00fchrt den Bewohner in das zweite Stockwerk, \u00fcber eine Leiter zum Einh\u00e4ngen wird das erste Stockwerk erreicht, welches mit zwei Ein- bzw. Ausg\u00e4ngen ausgestattet ist. Das Haus im Erdgeschoss ist im Boden mit [&hellip;]<\/p>\n","protected":false},"featured_media":35595,"comment_status":"closed","ping_status":"open","template":"","meta":[],"product_cat":[13693],"product_tag":[],"class_list":{"0":"post-46615","1":"product","2":"type-product","3":"status-publish","4":"has-post-thumbnail","6":"product_cat-holzhaeuser","8":"first","9":"instock","10":"taxable","11":"shipping-taxable","12":"purchasable","13":"product-type-simple"},"_links":{"self":[{"href":"https:\/\/all-pets.de\/shop\/wp-json\/wp\/v2\/product\/46615","targetHints":{"allow":["GET"]}}],"collection":[{"href":"https:\/\/all-pets.de\/shop\/wp-json\/wp\/v2\/product"}],"about":[{"href":"https:\/\/all-pets.de\/shop\/wp-json\/wp\/v2\/types\/product"}],"replies":[{"embeddable":true,"href":"https:\/\/all-pets.de\/shop\/wp-json\/wp\/v2\/comments?post=46615"}],"wp:featuredmedia":[{"embeddable":true,"href":"https:\/\/all-pets.de\/shop\/wp-json\/wp\/v2\/media\/35595"}],"wp:attachment":[{"href":"https:\/\/all-pets.de\/shop\/wp-json\/wp\/v2\/media?parent=46615"}],"wp:term":[{"taxonomy":"product_cat","embeddable":true,"href":"https:\/\/all-pets.de\/shop\/wp-json\/wp\/v2\/product_cat?post=46615"},{"taxonomy":"product_tag","embeddable":true,"href":"https:\/\/all-pets.de\/shop\/wp-json\/wp\/v2\/product_tag?post=46615"}],"curies":[{"name":"wp","href":"https:\/\/api.w.org\/{rel}","templated":true}]}}