{"id":46616,"date":"2023-12-12T10:52:24","date_gmt":"2023-12-12T09:52:24","guid":{"rendered":"https:\/\/pet-shopping.de\/shop\/produkt\/trixie-pick-up-kompostierbare-hundekot-beutel-nachfuellpack\/"},"modified":"2023-12-12T10:52:24","modified_gmt":"2023-12-12T09:52:24","slug":"trixie-pick-up-kompostierbare-hundekot-beutel-nachfuellpack","status":"publish","type":"product","link":"https:\/\/all-pets.de\/shop\/produkt\/trixie-pick-up-kompostierbare-hundekot-beutel-nachfuellpack\/","title":{"rendered":"Trixie Pick Up kompostierbare Hundekot-Beutel Nachf\u00fcllpack"},"content":{"rendered":"<p>Die Pick Up Hundekot-Beutel vom Qualit\u00e4tshersteller Trixie werden aus kompostierbarer Maisst\u00e4rke hergestellt und leisten so ihren Beitrag zu einer m\u00f6glichst sauberen Umwelt.<\/p>\n<p>Enthalten sind 4 Rollen a 10 Beuteln. <\/p>\n<p>Sie eignen sich z.B. f\u00fcr den Trixie Pick Up Beutelspender (Art-Nr. 23471-TRXI).<\/p>\n","protected":false},"excerpt":{"rendered":"<p>Die Pick Up Hundekot-Beutel vom Qualit\u00e4tshersteller Trixie werden aus kompostierbarer Maisst\u00e4rke hergestellt und leisten so ihren Beitrag zu einer m\u00f6glichst sauberen Umwelt. Enthalten sind 4 Rollen a 10 Beuteln. Sie eignen sich z.B. f\u00fcr den Trixie Pick Up Beutelspender (Art-Nr. 23471-TRXI).<\/p>\n","protected":false},"featured_media":46617,"comment_status":"closed","ping_status":"open","template":"","meta":[],"product_cat":[13757],"product_tag":[],"class_list":{"0":"post-46616","1":"product","2":"type-product","3":"status-publish","4":"has-post-thumbnail","6":"product_cat-hundetoiletten-hygiene","8":"first","9":"instock","10":"taxable","11":"shipping-taxable","12":"purchasable","13":"product-type-simple"},"_links":{"self":[{"href":"https:\/\/all-pets.de\/shop\/wp-json\/wp\/v2\/product\/46616","targetHints":{"allow":["GET"]}}],"collection":[{"href":"https:\/\/all-pets.de\/shop\/wp-json\/wp\/v2\/product"}],"about":[{"href":"https:\/\/all-pets.de\/shop\/wp-json\/wp\/v2\/types\/product"}],"replies":[{"embeddable":true,"href":"https:\/\/all-pets.de\/shop\/wp-json\/wp\/v2\/comments?post=46616"}],"wp:featuredmedia":[{"embeddable":true,"href":"https:\/\/all-pets.de\/shop\/wp-json\/wp\/v2\/media\/46617"}],"wp:attachment":[{"href":"https:\/\/all-pets.de\/shop\/wp-json\/wp\/v2\/media?parent=46616"}],"wp:term":[{"taxonomy":"product_cat","embeddable":true,"href":"https:\/\/all-pets.de\/shop\/wp-json\/wp\/v2\/product_cat?post=46616"},{"taxonomy":"product_tag","embeddable":true,"href":"https:\/\/all-pets.de\/shop\/wp-json\/wp\/v2\/product_tag?post=46616"}],"curies":[{"name":"wp","href":"https:\/\/api.w.org\/{rel}","templated":true}]}}