{"id":46622,"date":"2023-12-12T10:52:24","date_gmt":"2023-12-12T09:52:24","guid":{"rendered":"https:\/\/pet-shopping.de\/shop\/produkt\/trixie-kletterseilgeruest-quadratisch\/"},"modified":"2023-12-12T10:52:25","modified_gmt":"2023-12-12T09:52:25","slug":"trixie-kletterseilgeruest-quadratisch","status":"publish","type":"product","link":"https:\/\/all-pets.de\/shop\/produkt\/trixie-kletterseilgeruest-quadratisch\/","title":{"rendered":"Trixie Kletterseilger\u00fcst quadratisch"},"content":{"rendered":"<p>Kletterger\u00fcst aus Holz mit Sisalnetz f\u00fcr kleine Vogelarten, wie Wellensittiche oder Kanarienv\u00f6gel. L\u00e4sst sich mithilfe von zwei Ketten mit Haken einfach am K\u00e4figgitter befestigen. <\/p>\n<p>Ma\u00dfe: ca. 27 x 24 cm<\/p>\n<p><\/p>\n","protected":false},"excerpt":{"rendered":"<p>Kletterger\u00fcst aus Holz mit Sisalnetz f\u00fcr kleine Vogelarten, wie Wellensittiche oder Kanarienv\u00f6gel. L\u00e4sst sich mithilfe von zwei Ketten mit Haken einfach am K\u00e4figgitter befestigen. Ma\u00dfe: ca. 27 x 24 cm<\/p>\n","protected":false},"featured_media":34228,"comment_status":"closed","ping_status":"open","template":"","meta":[],"product_cat":[13692],"product_tag":[],"class_list":{"0":"post-46622","1":"product","2":"type-product","3":"status-publish","4":"has-post-thumbnail","6":"product_cat-spielzeug","8":"first","9":"instock","10":"taxable","11":"shipping-taxable","12":"purchasable","13":"product-type-simple"},"_links":{"self":[{"href":"https:\/\/all-pets.de\/shop\/wp-json\/wp\/v2\/product\/46622","targetHints":{"allow":["GET"]}}],"collection":[{"href":"https:\/\/all-pets.de\/shop\/wp-json\/wp\/v2\/product"}],"about":[{"href":"https:\/\/all-pets.de\/shop\/wp-json\/wp\/v2\/types\/product"}],"replies":[{"embeddable":true,"href":"https:\/\/all-pets.de\/shop\/wp-json\/wp\/v2\/comments?post=46622"}],"wp:featuredmedia":[{"embeddable":true,"href":"https:\/\/all-pets.de\/shop\/wp-json\/wp\/v2\/media\/34228"}],"wp:attachment":[{"href":"https:\/\/all-pets.de\/shop\/wp-json\/wp\/v2\/media?parent=46622"}],"wp:term":[{"taxonomy":"product_cat","embeddable":true,"href":"https:\/\/all-pets.de\/shop\/wp-json\/wp\/v2\/product_cat?post=46622"},{"taxonomy":"product_tag","embeddable":true,"href":"https:\/\/all-pets.de\/shop\/wp-json\/wp\/v2\/product_tag?post=46622"}],"curies":[{"name":"wp","href":"https:\/\/api.w.org\/{rel}","templated":true}]}}