{"id":46629,"date":"2023-12-12T10:52:24","date_gmt":"2023-12-12T09:52:24","guid":{"rendered":"https:\/\/pet-shopping.de\/shop\/produkt\/livingworld-tiny-treasures-turm\/"},"modified":"2023-12-12T10:52:26","modified_gmt":"2023-12-12T09:52:26","slug":"livingworld-tiny-treasures-turm","status":"publish","type":"product","link":"https:\/\/all-pets.de\/shop\/produkt\/livingworld-tiny-treasures-turm\/","title":{"rendered":"LivingWorld Tiny Treasures Turm"},"content":{"rendered":"<p>Die Tiny Treasures des Qualit\u00e4tsherstellers Hagen sind Nagespielzeuge aus 100% nat\u00fcrlichem Holz. Es gibt sie in verschiedenen niedlichen Designs. Sie bieten Hamstern, Gerbils und M\u00e4usen Spa\u00df, Bewegung und Kletterm\u00f6glichkeiten.<\/p>\n<p>Die Tiny Treasures sind multifunktionale Spielzeuge aus Mangoholz und sind sicher f\u00fcr Kleintiere. Die Tiere k\u00f6nnen ohne Probleme daran nagen, was dazu beitr\u00e4gt ihre Z\u00e4hne sauber und gesund zu halten.<\/p>\n<p>Die Spielzeuge sorgen nicht nur f\u00fcr Bewegung, sie dienen auch als Schlafplatz und wichtige R\u00fcckzugsm\u00f6glichkeit. Zus\u00e4tzlich k\u00f6nnen sie mit Heu etc. bef\u00fcllt werden. So haben die Tiere bei der Futtersuche noch mehr Spa\u00df.<\/p>\n<p>Der Turm hat Gesamtma\u00dfe von ca. 9,5 x 8,5 cm (Durchmesser x H\u00f6he). Das Eingangsloch hat einen Durchmesser von 4 cm. Oben im Turm befindet sich ein Loch, welches mit rotem Plexiglas ausgestattet ist. So k\u00f6nnen Sie Ihr Tier von au\u00dfen beobachten, ohne dass der R\u00fcckzugsbereich des Nagers gest\u00f6rt wird. Durch die rote Farbe des Plexiglases wird es dem Kleintier nicht zu hell in seiner Schlafh\u00f6hle. Bei Lichteinfall wird die H\u00f6hle in einen gem\u00fctlichen dezenten Rotton getaucht. <\/p>\n","protected":false},"excerpt":{"rendered":"<p>Die Tiny Treasures des Qualit\u00e4tsherstellers Hagen sind Nagespielzeuge aus 100% nat\u00fcrlichem Holz. Es gibt sie in verschiedenen niedlichen Designs. Sie bieten Hamstern, Gerbils und M\u00e4usen Spa\u00df, Bewegung und Kletterm\u00f6glichkeiten. Die Tiny Treasures sind multifunktionale Spielzeuge aus Mangoholz und sind sicher f\u00fcr Kleintiere. Die Tiere k\u00f6nnen ohne Probleme daran nagen, was dazu beitr\u00e4gt ihre Z\u00e4hne sauber [&hellip;]<\/p>\n","protected":false},"featured_media":31759,"comment_status":"closed","ping_status":"open","template":"","meta":[],"product_cat":[13693],"product_tag":[],"class_list":{"0":"post-46629","1":"product","2":"type-product","3":"status-publish","4":"has-post-thumbnail","6":"product_cat-holzhaeuser","8":"first","9":"instock","10":"taxable","11":"shipping-taxable","12":"purchasable","13":"product-type-simple"},"_links":{"self":[{"href":"https:\/\/all-pets.de\/shop\/wp-json\/wp\/v2\/product\/46629","targetHints":{"allow":["GET"]}}],"collection":[{"href":"https:\/\/all-pets.de\/shop\/wp-json\/wp\/v2\/product"}],"about":[{"href":"https:\/\/all-pets.de\/shop\/wp-json\/wp\/v2\/types\/product"}],"replies":[{"embeddable":true,"href":"https:\/\/all-pets.de\/shop\/wp-json\/wp\/v2\/comments?post=46629"}],"wp:featuredmedia":[{"embeddable":true,"href":"https:\/\/all-pets.de\/shop\/wp-json\/wp\/v2\/media\/31759"}],"wp:attachment":[{"href":"https:\/\/all-pets.de\/shop\/wp-json\/wp\/v2\/media?parent=46629"}],"wp:term":[{"taxonomy":"product_cat","embeddable":true,"href":"https:\/\/all-pets.de\/shop\/wp-json\/wp\/v2\/product_cat?post=46629"},{"taxonomy":"product_tag","embeddable":true,"href":"https:\/\/all-pets.de\/shop\/wp-json\/wp\/v2\/product_tag?post=46629"}],"curies":[{"name":"wp","href":"https:\/\/api.w.org\/{rel}","templated":true}]}}