{"id":46633,"date":"2023-12-12T10:52:24","date_gmt":"2023-12-12T09:52:24","guid":{"rendered":"https:\/\/pet-shopping.de\/shop\/produkt\/dogit-go-slow-anti-schling-napf-weiss-1200-ml\/"},"modified":"2023-12-12T10:52:26","modified_gmt":"2023-12-12T09:52:26","slug":"dogit-go-slow-anti-schling-napf-weiss-1200-ml","status":"publish","type":"product","link":"https:\/\/all-pets.de\/shop\/produkt\/dogit-go-slow-anti-schling-napf-weiss-1200-ml\/","title":{"rendered":"DOGIT Go-Slow Anti-Schling-Napf Weiss 1200 ml"},"content":{"rendered":"<p>Hunde sind daf\u00fcr bekannt, ihr Fressen oder das Wasser hastig herunter zu schlingen. Da sie dabei zu viel Luft schlucken, k\u00f6nnen Magenverstimmungen, \u00dcbelkeit oder in extremen F\u00e4llen sogar schmerzhafte und lebensbedrohliche Magendrehungen oder Magenaufgasungen die Folge sein.<\/p>\n<p>Diese neuen speziell konstruierten Dogit Hunden\u00e4pfe verhindern durch ihre innere Formgebung hastiges Herunterschlingen. Sie helfen Ihrem Hund dabei, langsamer zu fressen und zu trinken, was dazu beitr\u00e4gt, dass weniger Luft geschluckt wird. So wird die Verdauung verbessert und das Risiko einer Magendrehung vermindert. Der Dogit Anti-Schling-Napf kann entweder als Wasser- oder Futternapf (f\u00fcr Trocken- oder Nassfutter geeignet) verwendet werden.<\/p>\n<p>Die N\u00e4pfe sind im Bodenbereich mit Gummiprofilen ausgestattet, um ein Verrutschen zu vermeiden. Sp\u00fclmaschinenfest.<br \/> Diese Gr\u00f6\u00dfe eignet sich f\u00fcr gro\u00dfe Hunde.<\/p>\n<p>Fassungsverm\u00f6gen: ca. 1200 ml<br \/> Au\u00dfendurchmesser unten: ca. 27 cm<br \/> Innendurchmesser oben: ca. 21,5 cm<br \/> Farbe: Wei\u00df<\/p>\n","protected":false},"excerpt":{"rendered":"<p>Hunde sind daf\u00fcr bekannt, ihr Fressen oder das Wasser hastig herunter zu schlingen. Da sie dabei zu viel Luft schlucken, k\u00f6nnen Magenverstimmungen, \u00dcbelkeit oder in extremen F\u00e4llen sogar schmerzhafte und lebensbedrohliche Magendrehungen oder Magenaufgasungen die Folge sein. Diese neuen speziell konstruierten Dogit Hunden\u00e4pfe verhindern durch ihre innere Formgebung hastiges Herunterschlingen. Sie helfen Ihrem Hund dabei, [&hellip;]<\/p>\n","protected":false},"featured_media":18273,"comment_status":"closed","ping_status":"open","template":"","meta":[],"product_cat":[14361],"product_tag":[],"class_list":{"0":"post-46633","1":"product","2":"type-product","3":"status-publish","4":"has-post-thumbnail","6":"product_cat-futter-wassernaepfe-hundenaepfe-traenken","8":"first","9":"instock","10":"taxable","11":"shipping-taxable","12":"purchasable","13":"product-type-simple"},"_links":{"self":[{"href":"https:\/\/all-pets.de\/shop\/wp-json\/wp\/v2\/product\/46633","targetHints":{"allow":["GET"]}}],"collection":[{"href":"https:\/\/all-pets.de\/shop\/wp-json\/wp\/v2\/product"}],"about":[{"href":"https:\/\/all-pets.de\/shop\/wp-json\/wp\/v2\/types\/product"}],"replies":[{"embeddable":true,"href":"https:\/\/all-pets.de\/shop\/wp-json\/wp\/v2\/comments?post=46633"}],"wp:featuredmedia":[{"embeddable":true,"href":"https:\/\/all-pets.de\/shop\/wp-json\/wp\/v2\/media\/18273"}],"wp:attachment":[{"href":"https:\/\/all-pets.de\/shop\/wp-json\/wp\/v2\/media?parent=46633"}],"wp:term":[{"taxonomy":"product_cat","embeddable":true,"href":"https:\/\/all-pets.de\/shop\/wp-json\/wp\/v2\/product_cat?post=46633"},{"taxonomy":"product_tag","embeddable":true,"href":"https:\/\/all-pets.de\/shop\/wp-json\/wp\/v2\/product_tag?post=46633"}],"curies":[{"name":"wp","href":"https:\/\/api.w.org\/{rel}","templated":true}]}}