{"id":46641,"date":"2023-12-12T10:52:28","date_gmt":"2023-12-12T09:52:28","guid":{"rendered":"https:\/\/pet-shopping.de\/shop\/produkt\/trixie-neonball-aus-moosgummi-schwimmt-o-7-cm\/"},"modified":"2023-12-12T10:52:29","modified_gmt":"2023-12-12T09:52:29","slug":"trixie-neonball-aus-moosgummi-schwimmt-o-7-cm","status":"publish","type":"product","link":"https:\/\/all-pets.de\/shop\/produkt\/trixie-neonball-aus-moosgummi-schwimmt-o-7-cm\/","title":{"rendered":"Trixie Neonball aus Moosgummi &#8211; schwimmt, \u00f8 7 cm"},"content":{"rendered":"<div class=\"mb-3 row\">\n<div class=\"col\">\n<div class=\"description\">\n<ul>\n<li>Moosgummi<\/li>\n<li>\u00f8 7 cm<\/li>\n<li>Diverse Farben (eine Farbwahl ist leider nicht m\u00f6glich, da die Farbe je nach Lagerbestand gew\u00e4hlt wird)<\/li>\n<li>ger\u00e4uschlos<\/li>\n<li>schwimmt<\/li>\n<\/ul>\n<\/div>\n<\/div>\n<\/div>\n","protected":false},"excerpt":{"rendered":"<p>Moosgummi \u00f8 7 cm Diverse Farben (eine Farbwahl ist leider nicht m\u00f6glich, da die Farbe je nach Lagerbestand gew\u00e4hlt wird) ger\u00e4uschlos schwimmt<\/p>\n","protected":false},"featured_media":46642,"comment_status":"closed","ping_status":"open","template":"","meta":[],"product_cat":[13943],"product_tag":[],"class_list":{"0":"post-46641","1":"product","2":"type-product","3":"status-publish","4":"has-post-thumbnail","6":"product_cat-aqua-spielzeug","8":"first","9":"instock","10":"taxable","11":"shipping-taxable","12":"purchasable","13":"product-type-simple"},"_links":{"self":[{"href":"https:\/\/all-pets.de\/shop\/wp-json\/wp\/v2\/product\/46641","targetHints":{"allow":["GET"]}}],"collection":[{"href":"https:\/\/all-pets.de\/shop\/wp-json\/wp\/v2\/product"}],"about":[{"href":"https:\/\/all-pets.de\/shop\/wp-json\/wp\/v2\/types\/product"}],"replies":[{"embeddable":true,"href":"https:\/\/all-pets.de\/shop\/wp-json\/wp\/v2\/comments?post=46641"}],"wp:featuredmedia":[{"embeddable":true,"href":"https:\/\/all-pets.de\/shop\/wp-json\/wp\/v2\/media\/46642"}],"wp:attachment":[{"href":"https:\/\/all-pets.de\/shop\/wp-json\/wp\/v2\/media?parent=46641"}],"wp:term":[{"taxonomy":"product_cat","embeddable":true,"href":"https:\/\/all-pets.de\/shop\/wp-json\/wp\/v2\/product_cat?post=46641"},{"taxonomy":"product_tag","embeddable":true,"href":"https:\/\/all-pets.de\/shop\/wp-json\/wp\/v2\/product_tag?post=46641"}],"curies":[{"name":"wp","href":"https:\/\/api.w.org\/{rel}","templated":true}]}}