{"id":46645,"date":"2023-12-12T10:52:28","date_gmt":"2023-12-12T09:52:28","guid":{"rendered":"https:\/\/pet-shopping.de\/shop\/produkt\/trixie-jogginggurt-mit-leine\/"},"modified":"2023-12-12T10:52:29","modified_gmt":"2023-12-12T09:52:29","slug":"trixie-jogginggurt-mit-leine","status":"publish","type":"product","link":"https:\/\/all-pets.de\/shop\/produkt\/trixie-jogginggurt-mit-leine\/","title":{"rendered":"Trixie Jogginggurt mit Leine"},"content":{"rendered":"<ul>\n<li>f\u00fcr Cani-Cross, zum Joggen, Walken etc.<\/li>\n<li>Anlein-System: verteilt den Zug des Hundes gleichm\u00e4\u00dfig auf die Taille des Hundef\u00fchrers<\/li>\n<li>zugentlastete Schnalle<\/li>\n<li>ruckartiges Ziehen des Hundes wird durch Ruckd\u00e4mpfer abgefedert<\/li>\n<li>angenehmer Tragekomfort durch breiten, ergonomischen Schnitt und Mesh-Einsatz<\/li>\n<li>stufenlos verstellbare Leine mit Handschlaufe, dadurch auch zum normalen F\u00fchren geeignet<\/li>\n<li>mit diversen Taschen und Getr\u00e4nkehalter<\/li>\n<li>wasserdichte Rei\u00dfverschl\u00fcsse<\/li>\n<li>integrierter Kotbeutelspender<\/li>\n<li>reflektierende Elemente<\/li>\n<li>Gurtband<\/li>\n<li>wasserabweisend<\/li>\n<li>Bauchumfang: ca. 70\u2013130 cm<\/li>\n<li>Leine: ca. 1,15\u20131,50 m\/20 mm<\/li>\n<\/ul>\n","protected":false},"excerpt":{"rendered":"<p>f\u00fcr Cani-Cross, zum Joggen, Walken etc. Anlein-System: verteilt den Zug des Hundes gleichm\u00e4\u00dfig auf die Taille des Hundef\u00fchrers zugentlastete Schnalle ruckartiges Ziehen des Hundes wird durch Ruckd\u00e4mpfer abgefedert angenehmer Tragekomfort durch breiten, ergonomischen Schnitt und Mesh-Einsatz stufenlos verstellbare Leine mit Handschlaufe, dadurch auch zum normalen F\u00fchren geeignet mit diversen Taschen und Getr\u00e4nkehalter wasserdichte Rei\u00dfverschl\u00fcsse integrierter [&hellip;]<\/p>\n","protected":false},"featured_media":46646,"comment_status":"closed","ping_status":"open","template":"","meta":[],"product_cat":[13870],"product_tag":[],"class_list":{"0":"post-46645","1":"product","2":"type-product","3":"status-publish","4":"has-post-thumbnail","6":"product_cat-weitere-leinen","8":"first","9":"instock","10":"taxable","11":"shipping-taxable","12":"purchasable","13":"product-type-simple"},"_links":{"self":[{"href":"https:\/\/all-pets.de\/shop\/wp-json\/wp\/v2\/product\/46645","targetHints":{"allow":["GET"]}}],"collection":[{"href":"https:\/\/all-pets.de\/shop\/wp-json\/wp\/v2\/product"}],"about":[{"href":"https:\/\/all-pets.de\/shop\/wp-json\/wp\/v2\/types\/product"}],"replies":[{"embeddable":true,"href":"https:\/\/all-pets.de\/shop\/wp-json\/wp\/v2\/comments?post=46645"}],"wp:featuredmedia":[{"embeddable":true,"href":"https:\/\/all-pets.de\/shop\/wp-json\/wp\/v2\/media\/46646"}],"wp:attachment":[{"href":"https:\/\/all-pets.de\/shop\/wp-json\/wp\/v2\/media?parent=46645"}],"wp:term":[{"taxonomy":"product_cat","embeddable":true,"href":"https:\/\/all-pets.de\/shop\/wp-json\/wp\/v2\/product_cat?post=46645"},{"taxonomy":"product_tag","embeddable":true,"href":"https:\/\/all-pets.de\/shop\/wp-json\/wp\/v2\/product_tag?post=46645"}],"curies":[{"name":"wp","href":"https:\/\/api.w.org\/{rel}","templated":true}]}}