{"id":46659,"date":"2023-12-12T10:52:28","date_gmt":"2023-12-12T09:52:28","guid":{"rendered":"https:\/\/pet-shopping.de\/shop\/produkt\/jr-farm-grainless-herbs-zwergkaninchen-950g\/"},"modified":"2023-12-12T10:52:32","modified_gmt":"2023-12-12T09:52:32","slug":"jr-farm-grainless-herbs-zwergkaninchen-950g","status":"publish","type":"product","link":"https:\/\/all-pets.de\/shop\/produkt\/jr-farm-grainless-herbs-zwergkaninchen-950g\/","title":{"rendered":"JR Farm Grainless Herbs Zwergkaninchen 950g"},"content":{"rendered":"<div class=\"product--detail-upper block-group\">\n<li class=\"base-info--entry entry-attribute\"><span class=\"entry--content\">\n<p>Grainless Herbs ist eine Alleinfutter-Mischung aus vielen langfaserigen Gr\u00e4sernund Kr\u00e4utern, die zusammen mit viel Gem\u00fcse und Bl\u00fcten die optimaleErn\u00e4hrungsgrundlage f\u00fcr ein gesundes Tierleben bilden.<\/p>\n<p>Dieserschmackhafte Mix unterst\u00fctzt durch den hohen Rohfaseranteil denphysiologischen Zahnabrieb. Er ist leicht verdaulich und versorgtZwergkaninchen mit vielen gesundheitsf\u00f6rdernden Kr\u00e4utern. Die darinenthaltenen Inhaltsstoffe regen den Stoffwechsel an, unterst\u00fctzen dieVerdauungsorgane und st\u00e4rken die Atemwege und das Immunsystem.<\/p>\n<p><\/span><\/li>\n<li class=\"base-info--entry entry-attribute\">\n<p>Alleinfuttermittel f\u00fcr Zwergkaninchen<\/p>\n<div class=\"content--product-code\">\n<div class=\"detail--product-code\">\n<div class=\"content--title\"> Zusammensetzung <\/div>\n<p>Aufwuchs von Dauergr\u00fcnland der Alpenvorlandwiesen (bestehend unter anderem ausWiesen-Lieschgras [Timothy-Gras], Fuchsschwanz, Glatthafer, Knaulgras,Flaumhafer, Wiesenrispe, Rotklee, Scharfer Hahnenfu\u00df, Ruchgras, Wolliges Honiggras, Goldhafer, Schmalbl\u00e4ttrige Wicke, Hopfen-Schneckenklee,L\u00f6wenzahn, Spitzwegerich, Wiesen-Schl\u00fcsselblume, Margerite,G\u00e4nsebl\u00fcmchen, Gro\u00dfe Bibernelle, Wiesenlabkraut, Pastinake, Sauerampfer, Gamander-Ehrenpreis, Gew\u00f6hnliches Hornkraut, Deutsches Weidelgras,Weiche Trespe, Vogelwicke, Zaunwicke, Dreiz\u00e4hniges Knabenkraut,Knolliger Hahnenfu\u00df, Kleiner Klappertopf, Wiesenkerbel, Schafgarbe),Erbsenflocken, Karotten, Ackerbohnenflocken, Leinsaat, Pastinaken,Pfefferminze, Brennnessel, Spitzwegerich, Ringelblumenbl\u00fcten, RoteBeete, Fenchel, Haselnussh\u00f6lzer, Brennnesselwurzeln, Melisse,Birkenbl\u00e4tter, Himbeerbl\u00e4tter, L\u00f6wenzahn, Schwarzk\u00fcmmel, Kamille,Gurkenscheiben, Zucchinischeiben<\/p>\n<\/p><\/div>\n<\/p><\/div>\n<div class=\"content--product-code\">\n<div class=\"detail--product-code\">\n<div class=\"content--title\"> Zusatzstoffe <\/div>\n<p>Ern\u00e4hrungsphysiologische Zusatzstoffe: Vitamin A 13000 IE, Vitamin C 250 mg, Vitamin D3 900 IE, Vitamin E 80 mg<\/p>\n<\/p><\/div>\n<\/p><\/div>\n<div class=\"content--product-code\">\n<div class=\"detail--product-code\">\n<div class=\"content--title\"> Analytische Bestandteile <\/div>\n<p>Protein 15,7%, Fettgehalt 4,4%, Rohfaser 19,5%, Rohasche 6,4%, Calcium 4685 mg\/kg, Phosphor 2785 mg\/kg, Natrium 980 mg\/kg<\/p>\n<\/p><\/div>\n<\/p><\/div>\n<div class=\"content--product-code\">\n<div class=\"detail--product-code\">\n<div class=\"content--title\"> F\u00fctterungsempfehlung <\/div>\n<p>Futternapf erst auff\u00fcllen, wenn fast restlos leer. Bitte t\u00e4glich maximal sovielFutter verabreichen, wie in 24 Stunden komplett gefressen wird.Zus\u00e4tzlich zu Grainless muss immer ausreichend frisches Wasser und Heuzur Verf\u00fcgung stehen.<\/p>\n<\/p><\/div>\n<\/p><\/div>\n<p><span class=\"entry--content\"><\/span><\/li>\n<\/div>\n","protected":false},"excerpt":{"rendered":"<p>Grainless Herbs ist eine Alleinfutter-Mischung aus vielen langfaserigen Gr\u00e4sernund Kr\u00e4utern, die zusammen mit viel Gem\u00fcse und Bl\u00fcten die optimaleErn\u00e4hrungsgrundlage f\u00fcr ein gesundes Tierleben bilden. Dieserschmackhafte Mix unterst\u00fctzt durch den hohen Rohfaseranteil denphysiologischen Zahnabrieb. Er ist leicht verdaulich und versorgtZwergkaninchen mit vielen gesundheitsf\u00f6rdernden Kr\u00e4utern. Die darinenthaltenen Inhaltsstoffe regen den Stoffwechsel an, unterst\u00fctzen dieVerdauungsorgane und st\u00e4rken die [&hellip;]<\/p>\n","protected":false},"featured_media":9033,"comment_status":"closed","ping_status":"open","template":"","meta":[],"product_cat":[14519],"product_tag":[],"class_list":{"0":"post-46659","1":"product","2":"type-product","3":"status-publish","4":"has-post-thumbnail","6":"product_cat-zwergkaninchen-kleintierfutter-snacks-jr-farmkleintierwelt","8":"first","9":"instock","10":"taxable","11":"shipping-taxable","12":"purchasable","13":"product-type-simple"},"_links":{"self":[{"href":"https:\/\/all-pets.de\/shop\/wp-json\/wp\/v2\/product\/46659","targetHints":{"allow":["GET"]}}],"collection":[{"href":"https:\/\/all-pets.de\/shop\/wp-json\/wp\/v2\/product"}],"about":[{"href":"https:\/\/all-pets.de\/shop\/wp-json\/wp\/v2\/types\/product"}],"replies":[{"embeddable":true,"href":"https:\/\/all-pets.de\/shop\/wp-json\/wp\/v2\/comments?post=46659"}],"wp:featuredmedia":[{"embeddable":true,"href":"https:\/\/all-pets.de\/shop\/wp-json\/wp\/v2\/media\/9033"}],"wp:attachment":[{"href":"https:\/\/all-pets.de\/shop\/wp-json\/wp\/v2\/media?parent=46659"}],"wp:term":[{"taxonomy":"product_cat","embeddable":true,"href":"https:\/\/all-pets.de\/shop\/wp-json\/wp\/v2\/product_cat?post=46659"},{"taxonomy":"product_tag","embeddable":true,"href":"https:\/\/all-pets.de\/shop\/wp-json\/wp\/v2\/product_tag?post=46659"}],"curies":[{"name":"wp","href":"https:\/\/api.w.org\/{rel}","templated":true}]}}