{"id":46660,"date":"2023-12-12T10:52:28","date_gmt":"2023-12-12T09:52:28","guid":{"rendered":"https:\/\/pet-shopping.de\/shop\/produkt\/trixie-auto-schondecke-schwarz-braun\/"},"modified":"2023-12-12T10:52:32","modified_gmt":"2023-12-12T09:52:32","slug":"trixie-auto-schondecke-schwarz-braun","status":"publish","type":"product","link":"https:\/\/all-pets.de\/shop\/produkt\/trixie-auto-schondecke-schwarz-braun\/","title":{"rendered":"Trixie Auto-Schondecke &#8211; schwarz-braun"},"content":{"rendered":"<p>Die schwarz-braune Auto-Schondecke aus dem Hause Trixie besteht aus hochwertigem, widerstandsf\u00e4higem Nylon und dient zur Befestigung auf der R\u00fcckbank. Sie sch\u00fctzt Ihre Polster vor Schmutz und Tierhaaren, ist wasserabweisend und kann bei 30\u00b0C per Handw\u00e4sche gereinigt werden. Bei Nichtbegrauch l\u00e4sst sich die Decke zusammenfalten und mit einem extra Rei\u00dfverschluss verschlie\u00dfen, so dass sie platzsparend und praktisch verstaut werden kann. Durch eine \u00d6ffnung mit Klettverschluss ist es m\u00f6glich den Hund auf der R\u00fcckbank anzuschnallen. Die Decke ist mit zwei praktischen Taschen ausgestattet, die zum Verstauen von Hundezubeh\u00f6r ideal genutzt werden k\u00f6nnen. Der Ein- und Ausbau der Decke funktioniert ganz einfach und schnell durch Nylongurte, die einfach \u00fcber die Kopfst\u00fctzen gelegt werden. <\/p>\n<p>Gesamtma\u00dfe der Decke: ca. 140 x 145 cm <\/p>\n","protected":false},"excerpt":{"rendered":"<p>Die schwarz-braune Auto-Schondecke aus dem Hause Trixie besteht aus hochwertigem, widerstandsf\u00e4higem Nylon und dient zur Befestigung auf der R\u00fcckbank. Sie sch\u00fctzt Ihre Polster vor Schmutz und Tierhaaren, ist wasserabweisend und kann bei 30\u00b0C per Handw\u00e4sche gereinigt werden. Bei Nichtbegrauch l\u00e4sst sich die Decke zusammenfalten und mit einem extra Rei\u00dfverschluss verschlie\u00dfen, so dass sie platzsparend und [&hellip;]<\/p>\n","protected":false},"featured_media":19841,"comment_status":"closed","ping_status":"open","template":"","meta":[],"product_cat":[13691],"product_tag":[],"class_list":{"0":"post-46660","1":"product","2":"type-product","3":"status-publish","4":"has-post-thumbnail","6":"product_cat-autozubehoer","8":"first","9":"instock","10":"taxable","11":"shipping-taxable","12":"purchasable","13":"product-type-simple"},"_links":{"self":[{"href":"https:\/\/all-pets.de\/shop\/wp-json\/wp\/v2\/product\/46660","targetHints":{"allow":["GET"]}}],"collection":[{"href":"https:\/\/all-pets.de\/shop\/wp-json\/wp\/v2\/product"}],"about":[{"href":"https:\/\/all-pets.de\/shop\/wp-json\/wp\/v2\/types\/product"}],"replies":[{"embeddable":true,"href":"https:\/\/all-pets.de\/shop\/wp-json\/wp\/v2\/comments?post=46660"}],"wp:featuredmedia":[{"embeddable":true,"href":"https:\/\/all-pets.de\/shop\/wp-json\/wp\/v2\/media\/19841"}],"wp:attachment":[{"href":"https:\/\/all-pets.de\/shop\/wp-json\/wp\/v2\/media?parent=46660"}],"wp:term":[{"taxonomy":"product_cat","embeddable":true,"href":"https:\/\/all-pets.de\/shop\/wp-json\/wp\/v2\/product_cat?post=46660"},{"taxonomy":"product_tag","embeddable":true,"href":"https:\/\/all-pets.de\/shop\/wp-json\/wp\/v2\/product_tag?post=46660"}],"curies":[{"name":"wp","href":"https:\/\/api.w.org\/{rel}","templated":true}]}}