{"id":46668,"date":"2023-12-12T10:52:34","date_gmt":"2023-12-12T09:52:34","guid":{"rendered":"https:\/\/pet-shopping.de\/shop\/produkt\/trixie-cat-activity-snack-roll\/"},"modified":"2023-12-12T10:52:34","modified_gmt":"2023-12-12T09:52:34","slug":"trixie-cat-activity-snack-roll","status":"publish","type":"product","link":"https:\/\/all-pets.de\/shop\/produkt\/trixie-cat-activity-snack-roll\/","title":{"rendered":"Trixie Cat Activity Snack Roll"},"content":{"rendered":"<p>Die Snack Roll f\u00fcr Katzen bietet Ihrem Liebling eine artgerechte Besch\u00e4ftigung, vermindert die Langeweile und schult gleichzeitig die Geschicklichkeit. Durch die Gr\u00f6\u00dfe und die besondere Anordnung der \u00d6ffnungen bietet sie spannenden Anreiz, der die angeborene Spiellust f\u00f6rdert.<\/p>\n<p>Die Snack Roll wird einfach mit geeignetem Futter oder Leckerlis bef\u00fcllt und verschlossen. Durch Rollbewegungen fallen portionsweise Leckerbissen heraus. Inklusive \u00dcbungsheft!<\/p>\n<p>Die Snack Roll hat einen stabilen Kunststoffkern mit laufruhiger Gummiummantelung. Herausnehmbare St\u00e4be im Inneren erm\u00f6glichen eine Reguliereung des Schwierigkeitsgrades. Mit aufschraubbarem Deckel, daher besonders leicht zu bef\u00fcllen und zu reinigen.<\/p>\n<p>Ma\u00dfe: ca. 14,5 cm L\u00e4nge x 5 bis 6 cm Durchmesser <br \/>Die Farben k\u00f6nnen von der Abbildung abweichen!<\/p>\n","protected":false},"excerpt":{"rendered":"<p>Die Snack Roll f\u00fcr Katzen bietet Ihrem Liebling eine artgerechte Besch\u00e4ftigung, vermindert die Langeweile und schult gleichzeitig die Geschicklichkeit. Durch die Gr\u00f6\u00dfe und die besondere Anordnung der \u00d6ffnungen bietet sie spannenden Anreiz, der die angeborene Spiellust f\u00f6rdert. Die Snack Roll wird einfach mit geeignetem Futter oder Leckerlis bef\u00fcllt und verschlossen. Durch Rollbewegungen fallen portionsweise Leckerbissen [&hellip;]<\/p>\n","protected":false},"featured_media":19178,"comment_status":"closed","ping_status":"open","template":"","meta":[],"product_cat":[13782],"product_tag":[],"class_list":{"0":"post-46668","1":"product","2":"type-product","3":"status-publish","4":"has-post-thumbnail","6":"product_cat-intelligenz-spielzeug","8":"first","9":"instock","10":"taxable","11":"shipping-taxable","12":"purchasable","13":"product-type-simple"},"_links":{"self":[{"href":"https:\/\/all-pets.de\/shop\/wp-json\/wp\/v2\/product\/46668","targetHints":{"allow":["GET"]}}],"collection":[{"href":"https:\/\/all-pets.de\/shop\/wp-json\/wp\/v2\/product"}],"about":[{"href":"https:\/\/all-pets.de\/shop\/wp-json\/wp\/v2\/types\/product"}],"replies":[{"embeddable":true,"href":"https:\/\/all-pets.de\/shop\/wp-json\/wp\/v2\/comments?post=46668"}],"wp:featuredmedia":[{"embeddable":true,"href":"https:\/\/all-pets.de\/shop\/wp-json\/wp\/v2\/media\/19178"}],"wp:attachment":[{"href":"https:\/\/all-pets.de\/shop\/wp-json\/wp\/v2\/media?parent=46668"}],"wp:term":[{"taxonomy":"product_cat","embeddable":true,"href":"https:\/\/all-pets.de\/shop\/wp-json\/wp\/v2\/product_cat?post=46668"},{"taxonomy":"product_tag","embeddable":true,"href":"https:\/\/all-pets.de\/shop\/wp-json\/wp\/v2\/product_tag?post=46668"}],"curies":[{"name":"wp","href":"https:\/\/api.w.org\/{rel}","templated":true}]}}