{"id":46670,"date":"2023-12-12T10:52:34","date_gmt":"2023-12-12T09:52:34","guid":{"rendered":"https:\/\/pet-shopping.de\/shop\/produkt\/trixie-rucksack-connor\/"},"modified":"2023-12-12T10:52:34","modified_gmt":"2023-12-12T09:52:34","slug":"trixie-rucksack-connor","status":"publish","type":"product","link":"https:\/\/all-pets.de\/shop\/produkt\/trixie-rucksack-connor\/","title":{"rendered":"Trixie Rucksack Connor"},"content":{"rendered":"<p>Der Rucksack Connor eignet sich f\u00fcr kleine Hunde, Katzen und andere Kleintiere mit einem K\u00f6rpergewicht von bis zu 8 kg.<\/p>\n<p>Der Rucksack, der ebenso als Tragetasche genutzt werden kann, besteht aus strapazierf\u00e4higem Nylon\/Polyester und kann zum Reinigen einfach ausgewischt werden. Eine separate Fronttasche bietet Platz f\u00fcr Kleinigkeiten und Zubeh\u00f6r, eine integrierte Kurzleine verhindert das Herausspringen des Tieres w\u00e4hrend des Transportes. Der Rucksack l\u00e4sst sich seitlich und von vorne \u00f6ffnen und ist mit stufenlos verstellbaren Schultergurten und mehreren Netz-Eins\u00e4tzen f\u00fcr eine gute Luftzirkulation ausgestattet. Au\u00dferdem sind auf der R\u00fcckseite Laschen vorhanden, die ein Anschnallen des Rucksacks im Auto erm\u00f6glichen. Dadurch dass die Seitenteile sich per Rei\u00dfverschluss komplett \u00f6ffnen lassen, kann die Tasche bei Nichtgebrauch platzsparend zusammengelegt werden.<\/p>\n<p>Farbe: Schwarz\/Grau<br \/> Au\u00dfenma\u00dfe: ca. 42 x 29 x 21 cm (BxHxT)<br \/> Bodenfl\u00e4che: ca. 39,5 x 16 cm (BxT)<\/p>\n","protected":false},"excerpt":{"rendered":"<p>Der Rucksack Connor eignet sich f\u00fcr kleine Hunde, Katzen und andere Kleintiere mit einem K\u00f6rpergewicht von bis zu 8 kg. Der Rucksack, der ebenso als Tragetasche genutzt werden kann, besteht aus strapazierf\u00e4higem Nylon\/Polyester und kann zum Reinigen einfach ausgewischt werden. Eine separate Fronttasche bietet Platz f\u00fcr Kleinigkeiten und Zubeh\u00f6r, eine integrierte Kurzleine verhindert das Herausspringen [&hellip;]<\/p>\n","protected":false},"featured_media":46671,"comment_status":"closed","ping_status":"open","template":"","meta":[],"product_cat":[14525],"product_tag":[],"class_list":{"0":"post-46670","1":"product","2":"type-product","3":"status-publish","4":"has-post-thumbnail","6":"product_cat-katzentragetaschen-katzentransport-reise-tragetaschenkatzenwelt","8":"first","9":"instock","10":"taxable","11":"shipping-taxable","12":"purchasable","13":"product-type-simple"},"_links":{"self":[{"href":"https:\/\/all-pets.de\/shop\/wp-json\/wp\/v2\/product\/46670","targetHints":{"allow":["GET"]}}],"collection":[{"href":"https:\/\/all-pets.de\/shop\/wp-json\/wp\/v2\/product"}],"about":[{"href":"https:\/\/all-pets.de\/shop\/wp-json\/wp\/v2\/types\/product"}],"replies":[{"embeddable":true,"href":"https:\/\/all-pets.de\/shop\/wp-json\/wp\/v2\/comments?post=46670"}],"wp:featuredmedia":[{"embeddable":true,"href":"https:\/\/all-pets.de\/shop\/wp-json\/wp\/v2\/media\/46671"}],"wp:attachment":[{"href":"https:\/\/all-pets.de\/shop\/wp-json\/wp\/v2\/media?parent=46670"}],"wp:term":[{"taxonomy":"product_cat","embeddable":true,"href":"https:\/\/all-pets.de\/shop\/wp-json\/wp\/v2\/product_cat?post=46670"},{"taxonomy":"product_tag","embeddable":true,"href":"https:\/\/all-pets.de\/shop\/wp-json\/wp\/v2\/product_tag?post=46670"}],"curies":[{"name":"wp","href":"https:\/\/api.w.org\/{rel}","templated":true}]}}