{"id":46675,"date":"2023-12-12T10:52:34","date_gmt":"2023-12-12T09:52:34","guid":{"rendered":"https:\/\/pet-shopping.de\/shop\/produkt\/trixie-dog-disc-naturgummi-frisbee-schwimmend-24-cm\/"},"modified":"2023-12-12T10:52:35","modified_gmt":"2023-12-12T09:52:35","slug":"trixie-dog-disc-naturgummi-frisbee-schwimmend-24-cm","status":"publish","type":"product","link":"https:\/\/all-pets.de\/shop\/produkt\/trixie-dog-disc-naturgummi-frisbee-schwimmend-24-cm\/","title":{"rendered":"Trixie Dog Disc Naturgummi-Frisbee, schwimmend &#8211; 24 cm"},"content":{"rendered":"<div class=\"mb-3 row\">\n<div class=\"col\">\n<ul>\n<li>\n<ul>\n<ul>\n<li>Naturgummi<\/li>\n<li>bissfest und splitterfrei<\/li>\n<li>geringe Verletzungsgefahr<\/li>\n<li>auch f\u00fcr sensible und junge Tiere geeignet<\/li>\n<li>schwimmt<\/li>\n<li>Durchmesser: ca. 24 cm<\/li>\n<\/ul>\n<\/ul>\n<\/li>\n<\/ul>\n<\/div>\n<\/div>\n<p>Diverse Farben. Eine Farbwahl ist leider nicht m\u00f6glich, da die Farbe je nach Lagerbestand gew\u00e4hlt wird.<\/p>\n","protected":false},"excerpt":{"rendered":"<p>Naturgummi bissfest und splitterfrei geringe Verletzungsgefahr auch f\u00fcr sensible und junge Tiere geeignet schwimmt Durchmesser: ca. 24 cm Diverse Farben. Eine Farbwahl ist leider nicht m\u00f6glich, da die Farbe je nach Lagerbestand gew\u00e4hlt wird.<\/p>\n","protected":false},"featured_media":46676,"comment_status":"closed","ping_status":"open","template":"","meta":[],"product_cat":[14353],"product_tag":[],"class_list":{"0":"post-46675","1":"product","2":"type-product","3":"status-publish","4":"has-post-thumbnail","6":"product_cat-hundewurfspielzeug-hundespielzeug-sport-aqua-spielzeughundewelt","8":"first","9":"instock","10":"taxable","11":"shipping-taxable","12":"purchasable","13":"product-type-simple"},"_links":{"self":[{"href":"https:\/\/all-pets.de\/shop\/wp-json\/wp\/v2\/product\/46675","targetHints":{"allow":["GET"]}}],"collection":[{"href":"https:\/\/all-pets.de\/shop\/wp-json\/wp\/v2\/product"}],"about":[{"href":"https:\/\/all-pets.de\/shop\/wp-json\/wp\/v2\/types\/product"}],"replies":[{"embeddable":true,"href":"https:\/\/all-pets.de\/shop\/wp-json\/wp\/v2\/comments?post=46675"}],"wp:featuredmedia":[{"embeddable":true,"href":"https:\/\/all-pets.de\/shop\/wp-json\/wp\/v2\/media\/46676"}],"wp:attachment":[{"href":"https:\/\/all-pets.de\/shop\/wp-json\/wp\/v2\/media?parent=46675"}],"wp:term":[{"taxonomy":"product_cat","embeddable":true,"href":"https:\/\/all-pets.de\/shop\/wp-json\/wp\/v2\/product_cat?post=46675"},{"taxonomy":"product_tag","embeddable":true,"href":"https:\/\/all-pets.de\/shop\/wp-json\/wp\/v2\/product_tag?post=46675"}],"curies":[{"name":"wp","href":"https:\/\/api.w.org\/{rel}","templated":true}]}}