{"id":46679,"date":"2023-12-12T10:52:34","date_gmt":"2023-12-12T09:52:34","guid":{"rendered":"https:\/\/pet-shopping.de\/shop\/produkt\/trixie-pick-up-beutelspender-inkl-2-rollen-a-15-btl\/"},"modified":"2023-12-12T10:52:36","modified_gmt":"2023-12-12T09:52:36","slug":"trixie-pick-up-beutelspender-inkl-2-rollen-a-15-btl","status":"publish","type":"product","link":"https:\/\/all-pets.de\/shop\/produkt\/trixie-pick-up-beutelspender-inkl-2-rollen-a-15-btl\/","title":{"rendered":"Trixie Pick Up Beutelspender inkl. 2 Rollen a 15 Btl."},"content":{"rendered":"<p>Der Doggy Pick Up ist eine einfache und saubere L\u00f6sung zur Entfernung von Hinterlassenschaften Ihres Hundes w\u00e4hrend eines Spazierganges.<br \/> Es ist in einem handlichen Format und kann daher problemlos mitgef\u00fchrt werden.<\/p>\n<p>Der Beutelspender ist inklusive Hundekotbeutel und kann aufgrund einer elastischen Schlaufe an der Leine, am Halsband oder auch am G\u00fcrtel des Hundehalters befestigt werden. Er ist mit einem Rei\u00dfverschluss versehen und besteht aus\u00a0Nylon. Durch die seitliche \u00d6ffnung erm\u00f6glicht es ein m\u00fcheloses Herausziehen der Kotbeutel. <\/p>\n<p>Inklusive zwei Rollen Kotbeutel mit je 15 Beuteln. Die Beutel aus Kunststoff k\u00f6nnen auch bei l\u00e4ngeren Spazierg\u00e4ngen ohne durchzufeuchten mitgenommen werden.<\/p>\n<p>Diverse Farben. Eine Farbwahl des Spenders ist leider nicht m\u00f6glich, da die Farbe je nach Lagerbestand gew\u00e4hlt wird. <\/p>\n<p> Es sollte f\u00fcr Hundehalter selbstverst\u00e4ndlich sein, die Hinterlassenschaften des eigenen Tieres aus R\u00fccksicht auf die Mitmenschen zu entfernen. Zudem drohem immer mehr deutsche St\u00e4dte mit empfindlichen Geldstrafen, sollte dies vers\u00e4umt werden. Entsprechende Beutel k\u00f6nnen z. B. mit dem Beutelspender an Leine oder Halsband befestigt werden. So stehen diese praktischen Hilfsmittel jederzeit zur Verf\u00fcgung.<\/p>\n<p><\/p>\n","protected":false},"excerpt":{"rendered":"<p>Der Doggy Pick Up ist eine einfache und saubere L\u00f6sung zur Entfernung von Hinterlassenschaften Ihres Hundes w\u00e4hrend eines Spazierganges. Es ist in einem handlichen Format und kann daher problemlos mitgef\u00fchrt werden. Der Beutelspender ist inklusive Hundekotbeutel und kann aufgrund einer elastischen Schlaufe an der Leine, am Halsband oder auch am G\u00fcrtel des Hundehalters befestigt werden. [&hellip;]<\/p>\n","protected":false},"featured_media":19336,"comment_status":"closed","ping_status":"open","template":"","meta":[],"product_cat":[13757],"product_tag":[],"class_list":{"0":"post-46679","1":"product","2":"type-product","3":"status-publish","4":"has-post-thumbnail","6":"product_cat-hundetoiletten-hygiene","8":"first","9":"instock","10":"taxable","11":"shipping-taxable","12":"purchasable","13":"product-type-simple"},"_links":{"self":[{"href":"https:\/\/all-pets.de\/shop\/wp-json\/wp\/v2\/product\/46679","targetHints":{"allow":["GET"]}}],"collection":[{"href":"https:\/\/all-pets.de\/shop\/wp-json\/wp\/v2\/product"}],"about":[{"href":"https:\/\/all-pets.de\/shop\/wp-json\/wp\/v2\/types\/product"}],"replies":[{"embeddable":true,"href":"https:\/\/all-pets.de\/shop\/wp-json\/wp\/v2\/comments?post=46679"}],"wp:featuredmedia":[{"embeddable":true,"href":"https:\/\/all-pets.de\/shop\/wp-json\/wp\/v2\/media\/19336"}],"wp:attachment":[{"href":"https:\/\/all-pets.de\/shop\/wp-json\/wp\/v2\/media?parent=46679"}],"wp:term":[{"taxonomy":"product_cat","embeddable":true,"href":"https:\/\/all-pets.de\/shop\/wp-json\/wp\/v2\/product_cat?post=46679"},{"taxonomy":"product_tag","embeddable":true,"href":"https:\/\/all-pets.de\/shop\/wp-json\/wp\/v2\/product_tag?post=46679"}],"curies":[{"name":"wp","href":"https:\/\/api.w.org\/{rel}","templated":true}]}}