{"id":46680,"date":"2023-12-12T10:52:34","date_gmt":"2023-12-12T09:52:34","guid":{"rendered":"https:\/\/pet-shopping.de\/shop\/produkt\/trixie-ecktoilette-fuer-kleintierkaefige-gross\/"},"modified":"2023-12-12T10:52:36","modified_gmt":"2023-12-12T09:52:36","slug":"trixie-ecktoilette-fuer-kleintierkaefige-gross","status":"publish","type":"product","link":"https:\/\/all-pets.de\/shop\/produkt\/trixie-ecktoilette-fuer-kleintierkaefige-gross\/","title":{"rendered":"Trixie Ecktoilette f\u00fcr Kleintierk\u00e4fige &#8211; Gro\u00df"},"content":{"rendered":"<p>td { padding left:8px, padding right:8px, padding top:2px, height:24px, font size:11px,}<br clear=\"all\">< style><\/p>\n<p>Diese Ecktoilette aus widerstandsf\u00e4higem Kunststoff eignet sich z.B. f\u00fcr Kaninchen, Frettchen \u00e4hnlich gro\u00dfe Tiere. Sie ist hygienisch und leicht zu reinigen, erleichtert die Sauberhaltung des K\u00e4figs und spart Streu.<\/p>\n<p>Ma\u00dfe: ca. 45 x 30\/30 x 21 cm (Lange Seite x L\u00e4nge der beiden kurzen Seiten x H\u00f6he)<\/p>\n<p>Diverse Farben. Eine Farbwahl ist leider nicht m\u00f6glich, da die Farbe je nach Lagerbestand gew\u00e4hlt wird.<\/p>\n","protected":false},"excerpt":{"rendered":"<p>td { padding left:8px, padding right:8px, padding top:2px, height:24px, font size:11px,}< style> Diese Ecktoilette aus widerstandsf\u00e4higem Kunststoff eignet sich z.B. f\u00fcr Kaninchen, Frettchen \u00e4hnlich gro\u00dfe Tiere. Sie ist hygienisch und leicht zu reinigen, erleichtert die Sauberhaltung des K\u00e4figs und spart Streu. Ma\u00dfe: ca. 45 x 30\/30 x 21 cm (Lange Seite x L\u00e4nge der beiden [&hellip;]<\/p>\n","protected":false},"featured_media":19351,"comment_status":"closed","ping_status":"open","template":"","meta":[],"product_cat":[14301],"product_tag":[],"class_list":{"0":"post-46680","1":"product","2":"type-product","3":"status-publish","4":"has-post-thumbnail","6":"product_cat-toiletten-ausstattung-zubehoer-kleintierwelt","8":"first","9":"instock","10":"taxable","11":"shipping-taxable","12":"purchasable","13":"product-type-simple"},"_links":{"self":[{"href":"https:\/\/all-pets.de\/shop\/wp-json\/wp\/v2\/product\/46680","targetHints":{"allow":["GET"]}}],"collection":[{"href":"https:\/\/all-pets.de\/shop\/wp-json\/wp\/v2\/product"}],"about":[{"href":"https:\/\/all-pets.de\/shop\/wp-json\/wp\/v2\/types\/product"}],"replies":[{"embeddable":true,"href":"https:\/\/all-pets.de\/shop\/wp-json\/wp\/v2\/comments?post=46680"}],"wp:featuredmedia":[{"embeddable":true,"href":"https:\/\/all-pets.de\/shop\/wp-json\/wp\/v2\/media\/19351"}],"wp:attachment":[{"href":"https:\/\/all-pets.de\/shop\/wp-json\/wp\/v2\/media?parent=46680"}],"wp:term":[{"taxonomy":"product_cat","embeddable":true,"href":"https:\/\/all-pets.de\/shop\/wp-json\/wp\/v2\/product_cat?post=46680"},{"taxonomy":"product_tag","embeddable":true,"href":"https:\/\/all-pets.de\/shop\/wp-json\/wp\/v2\/product_tag?post=46680"}],"curies":[{"name":"wp","href":"https:\/\/api.w.org\/{rel}","templated":true}]}}