{"id":46682,"date":"2023-12-12T10:52:34","date_gmt":"2023-12-12T09:52:34","guid":{"rendered":"https:\/\/pet-shopping.de\/shop\/produkt\/trixie-ente-aus-pluesch-und-stoff-15-cm\/"},"modified":"2023-12-12T10:52:36","modified_gmt":"2023-12-12T09:52:36","slug":"trixie-ente-aus-pluesch-und-stoff-15-cm","status":"publish","type":"product","link":"https:\/\/all-pets.de\/shop\/produkt\/trixie-ente-aus-pluesch-und-stoff-15-cm\/","title":{"rendered":"Trixie Ente aus Pl\u00fcsch und Stoff &#8211; 15 cm"},"content":{"rendered":"<p>Niedliche Ente aus Pl\u00fcsch und Stoff mit Stimme. Besonders robust und hochwertig.<\/p>\n<p>Gr\u00f6\u00dfe: ca. 15 cm<\/p>\n","protected":false},"excerpt":{"rendered":"<p>Niedliche Ente aus Pl\u00fcsch und Stoff mit Stimme. Besonders robust und hochwertig. Gr\u00f6\u00dfe: ca. 15 cm<\/p>\n","protected":false},"featured_media":19305,"comment_status":"closed","ping_status":"open","template":"","meta":[],"product_cat":[14206],"product_tag":[],"class_list":{"0":"post-46682","1":"product","2":"type-product","3":"status-publish","4":"has-post-thumbnail","6":"product_cat-squeeker-hundespielzeug-sport-plueschspielzeughundewelt","8":"first","9":"instock","10":"taxable","11":"shipping-taxable","12":"purchasable","13":"product-type-simple"},"_links":{"self":[{"href":"https:\/\/all-pets.de\/shop\/wp-json\/wp\/v2\/product\/46682","targetHints":{"allow":["GET"]}}],"collection":[{"href":"https:\/\/all-pets.de\/shop\/wp-json\/wp\/v2\/product"}],"about":[{"href":"https:\/\/all-pets.de\/shop\/wp-json\/wp\/v2\/types\/product"}],"replies":[{"embeddable":true,"href":"https:\/\/all-pets.de\/shop\/wp-json\/wp\/v2\/comments?post=46682"}],"wp:featuredmedia":[{"embeddable":true,"href":"https:\/\/all-pets.de\/shop\/wp-json\/wp\/v2\/media\/19305"}],"wp:attachment":[{"href":"https:\/\/all-pets.de\/shop\/wp-json\/wp\/v2\/media?parent=46682"}],"wp:term":[{"taxonomy":"product_cat","embeddable":true,"href":"https:\/\/all-pets.de\/shop\/wp-json\/wp\/v2\/product_cat?post=46682"},{"taxonomy":"product_tag","embeddable":true,"href":"https:\/\/all-pets.de\/shop\/wp-json\/wp\/v2\/product_tag?post=46682"}],"curies":[{"name":"wp","href":"https:\/\/api.w.org\/{rel}","templated":true}]}}