{"id":46685,"date":"2023-12-12T10:52:34","date_gmt":"2023-12-12T09:52:34","guid":{"rendered":"https:\/\/pet-shopping.de\/shop\/produkt\/trixie-entfilzungs-spray-175-ml\/"},"modified":"2023-12-12T10:52:36","modified_gmt":"2023-12-12T09:52:36","slug":"trixie-entfilzungs-spray-175-ml","status":"publish","type":"product","link":"https:\/\/all-pets.de\/shop\/produkt\/trixie-entfilzungs-spray-175-ml\/","title":{"rendered":"Trixie Entfilzungs-Spray &#8211; 175 ml"},"content":{"rendered":"<p>Das Trixie Entfilzungs-Spray erleichtert Ihnen das K\u00e4mmen Ihres Hundes und gl\u00e4ttet die Haarstruktur. Es wirkt staub-, schmutz- und wasserabweisend und l\u00e4sst das Fell Ihres Hundes seidig gl\u00e4nzen. Das Spray ist geruchsneutral und es fettet nicht.<\/p>\n<p>Inhalt: 175 ml<\/p>\n","protected":false},"excerpt":{"rendered":"<p>Das Trixie Entfilzungs-Spray erleichtert Ihnen das K\u00e4mmen Ihres Hundes und gl\u00e4ttet die Haarstruktur. Es wirkt staub-, schmutz- und wasserabweisend und l\u00e4sst das Fell Ihres Hundes seidig gl\u00e4nzen. Das Spray ist geruchsneutral und es fettet nicht. Inhalt: 175 ml<\/p>\n","protected":false},"featured_media":19234,"comment_status":"closed","ping_status":"open","template":"","meta":[],"product_cat":[14391],"product_tag":[],"class_list":{"0":"post-46685","1":"product","2":"type-product","3":"status-publish","4":"has-post-thumbnail","6":"product_cat-fellpflegeprodukte-fellpflege-pflege-gesundheit-hundewelt","8":"first","9":"instock","10":"taxable","11":"shipping-taxable","12":"purchasable","13":"product-type-simple"},"_links":{"self":[{"href":"https:\/\/all-pets.de\/shop\/wp-json\/wp\/v2\/product\/46685","targetHints":{"allow":["GET"]}}],"collection":[{"href":"https:\/\/all-pets.de\/shop\/wp-json\/wp\/v2\/product"}],"about":[{"href":"https:\/\/all-pets.de\/shop\/wp-json\/wp\/v2\/types\/product"}],"replies":[{"embeddable":true,"href":"https:\/\/all-pets.de\/shop\/wp-json\/wp\/v2\/comments?post=46685"}],"wp:featuredmedia":[{"embeddable":true,"href":"https:\/\/all-pets.de\/shop\/wp-json\/wp\/v2\/media\/19234"}],"wp:attachment":[{"href":"https:\/\/all-pets.de\/shop\/wp-json\/wp\/v2\/media?parent=46685"}],"wp:term":[{"taxonomy":"product_cat","embeddable":true,"href":"https:\/\/all-pets.de\/shop\/wp-json\/wp\/v2\/product_cat?post=46685"},{"taxonomy":"product_tag","embeddable":true,"href":"https:\/\/all-pets.de\/shop\/wp-json\/wp\/v2\/product_tag?post=46685"}],"curies":[{"name":"wp","href":"https:\/\/api.w.org\/{rel}","templated":true}]}}