{"id":46686,"date":"2023-12-12T10:52:34","date_gmt":"2023-12-12T09:52:34","guid":{"rendered":"https:\/\/pet-shopping.de\/shop\/produkt\/trixie-fahrradkorb-aus-weide-mit-gitter-schwarz\/"},"modified":"2023-12-12T10:52:36","modified_gmt":"2023-12-12T09:52:36","slug":"trixie-fahrradkorb-aus-weide-mit-gitter-schwarz","status":"publish","type":"product","link":"https:\/\/all-pets.de\/shop\/produkt\/trixie-fahrradkorb-aus-weide-mit-gitter-schwarz\/","title":{"rendered":"Trixie Fahrradkorb aus Weide mit Gitter &#8211; schwarz"},"content":{"rendered":"<ul>\n<li>zum Einh\u00e4ngen an die Lenkstange<\/li>\n<li>mit Gitter, kunststoffbeschichtet<\/li>\n<li>Kissen mit Velours-Bezug, anthrazit<\/li>\n<li>Kissen: Handw\u00e4sche<\/li>\n<li>aus Weide<\/li>\n<li>Farbe: schwarz<\/li>\n<li>Ma\u00dfe: ca. 50 \u00d7 41 \u00d7 35 cm<\/li>\n<li>bis zu: 5 kg<\/li>\n<\/ul>\n","protected":false},"excerpt":{"rendered":"<p>zum Einh\u00e4ngen an die Lenkstange mit Gitter, kunststoffbeschichtet Kissen mit Velours-Bezug, anthrazit Kissen: Handw\u00e4sche aus Weide Farbe: schwarz Ma\u00dfe: ca. 50 \u00d7 41 \u00d7 35 cm bis zu: 5 kg<\/p>\n","protected":false},"featured_media":46687,"comment_status":"closed","ping_status":"open","template":"","meta":[],"product_cat":[13843],"product_tag":[],"class_list":{"0":"post-46686","1":"product","2":"type-product","3":"status-publish","4":"has-post-thumbnail","6":"product_cat-rad-und-joggingzubehoer","8":"first","9":"instock","10":"taxable","11":"shipping-taxable","12":"purchasable","13":"product-type-simple"},"_links":{"self":[{"href":"https:\/\/all-pets.de\/shop\/wp-json\/wp\/v2\/product\/46686","targetHints":{"allow":["GET"]}}],"collection":[{"href":"https:\/\/all-pets.de\/shop\/wp-json\/wp\/v2\/product"}],"about":[{"href":"https:\/\/all-pets.de\/shop\/wp-json\/wp\/v2\/types\/product"}],"replies":[{"embeddable":true,"href":"https:\/\/all-pets.de\/shop\/wp-json\/wp\/v2\/comments?post=46686"}],"wp:featuredmedia":[{"embeddable":true,"href":"https:\/\/all-pets.de\/shop\/wp-json\/wp\/v2\/media\/46687"}],"wp:attachment":[{"href":"https:\/\/all-pets.de\/shop\/wp-json\/wp\/v2\/media?parent=46686"}],"wp:term":[{"taxonomy":"product_cat","embeddable":true,"href":"https:\/\/all-pets.de\/shop\/wp-json\/wp\/v2\/product_cat?post=46686"},{"taxonomy":"product_tag","embeddable":true,"href":"https:\/\/all-pets.de\/shop\/wp-json\/wp\/v2\/product_tag?post=46686"}],"curies":[{"name":"wp","href":"https:\/\/api.w.org\/{rel}","templated":true}]}}