{"id":46697,"date":"2023-12-12T10:52:34","date_gmt":"2023-12-12T09:52:34","guid":{"rendered":"https:\/\/pet-shopping.de\/shop\/produkt\/trixie-fernhaltespray-175-ml\/"},"modified":"2023-12-12T10:52:38","modified_gmt":"2023-12-12T09:52:38","slug":"trixie-fernhaltespray-175-ml","status":"publish","type":"product","link":"https:\/\/all-pets.de\/shop\/produkt\/trixie-fernhaltespray-175-ml\/","title":{"rendered":"Trixie Fernhaltespray &#8211; 175 ml"},"content":{"rendered":"<p>Dieses desodorierende Spray h\u00e4lt Hunde und Katzen von den eingespr\u00fchten Orten fern. Es sch\u00fctzt somit vor Kratz und Bei\u00dfspuren an M\u00f6beln und anderen Gegenst\u00e4nden. zum Schutz Ihrer Wohnung und Ihres Gartens vor Verunreinigungen durch Hunde und Katzen<\/p>\n<ul>\n<li>sch\u00fctzt vor Kratz und Bei\u00dfspuren an M\u00f6beln und anderen Gegenst\u00e4nden<\/li>\n<li>desodoriert<\/li>\n<li>Inhalt: 175 ml<\/li>\n<\/ul>\n<p><strong>Gebrauchsanweisung:<\/strong><br \/> Die von Katzen und Hunden aufgesuchten Stellen bzw. die zu sch\u00fctzenden Gegenst\u00e4nde aus<\/p>\n<p>ca. 30 cm Entfernung bespr\u00fchen, bis diese leicht angefeuchtet und \u00fcberdeckt sind. Empfindliche Gegenst\u00e4nde und Pflanzen nicht direkt bespr\u00fchen. Stattdessen einen Lappen oder<\/p>\n<p>\u00c4hnliches einspr\u00fchen und an die zu sch\u00fctzende Stelle h\u00e4ngen. Bei starker Verschmutzung und bei warmer Witterung den Vorgang mehrmals t\u00e4glich wiederholen.<br \/>Bei diesem Artikel handelt es sich um ein in Deutschland registriertes Biozid-Produkt. Der Vertrieb in anderen L\u00e4ndern bedarf der vorherigen Pr\u00fcfung durch den jeweiligen Importeur. Biozidprodukte vorsichtig verwenden. Vor Gebrauch stets Etikett und Produktinformationen lesen.<\/p>\n","protected":false},"excerpt":{"rendered":"<p>Dieses desodorierende Spray h\u00e4lt Hunde und Katzen von den eingespr\u00fchten Orten fern. Es sch\u00fctzt somit vor Kratz und Bei\u00dfspuren an M\u00f6beln und anderen Gegenst\u00e4nden. zum Schutz Ihrer Wohnung und Ihres Gartens vor Verunreinigungen durch Hunde und Katzen sch\u00fctzt vor Kratz und Bei\u00dfspuren an M\u00f6beln und anderen Gegenst\u00e4nden desodoriert Inhalt: 175 ml Gebrauchsanweisung: Die von Katzen [&hellip;]<\/p>\n","protected":false},"featured_media":19236,"comment_status":"closed","ping_status":"open","template":"","meta":[],"product_cat":[14159],"product_tag":[],"class_list":{"0":"post-46697","1":"product","2":"type-product","3":"status-publish","4":"has-post-thumbnail","6":"product_cat-fernhaltemittel","8":"first","9":"instock","10":"taxable","11":"shipping-taxable","12":"purchasable","13":"product-type-simple"},"_links":{"self":[{"href":"https:\/\/all-pets.de\/shop\/wp-json\/wp\/v2\/product\/46697","targetHints":{"allow":["GET"]}}],"collection":[{"href":"https:\/\/all-pets.de\/shop\/wp-json\/wp\/v2\/product"}],"about":[{"href":"https:\/\/all-pets.de\/shop\/wp-json\/wp\/v2\/types\/product"}],"replies":[{"embeddable":true,"href":"https:\/\/all-pets.de\/shop\/wp-json\/wp\/v2\/comments?post=46697"}],"wp:featuredmedia":[{"embeddable":true,"href":"https:\/\/all-pets.de\/shop\/wp-json\/wp\/v2\/media\/19236"}],"wp:attachment":[{"href":"https:\/\/all-pets.de\/shop\/wp-json\/wp\/v2\/media?parent=46697"}],"wp:term":[{"taxonomy":"product_cat","embeddable":true,"href":"https:\/\/all-pets.de\/shop\/wp-json\/wp\/v2\/product_cat?post=46697"},{"taxonomy":"product_tag","embeddable":true,"href":"https:\/\/all-pets.de\/shop\/wp-json\/wp\/v2\/product_tag?post=46697"}],"curies":[{"name":"wp","href":"https:\/\/api.w.org\/{rel}","templated":true}]}}