{"id":46701,"date":"2023-12-12T10:52:40","date_gmt":"2023-12-12T09:52:40","guid":{"rendered":"https:\/\/pet-shopping.de\/shop\/produkt\/trixie-floh-und-laeusekamm-21-cm\/"},"modified":"2023-12-12T10:52:40","modified_gmt":"2023-12-12T09:52:40","slug":"trixie-floh-und-laeusekamm-21-cm","status":"publish","type":"product","link":"https:\/\/all-pets.de\/shop\/produkt\/trixie-floh-und-laeusekamm-21-cm\/","title":{"rendered":"Trixie Floh- und L\u00e4usekamm &#8211; 21 cm"},"content":{"rendered":"<p>Dieser Floh und L\u00e4usekamm des Herstellers Trixie hat abgerundete Metallzinken und einen Kunststoffgriff mit rutschfester Gummieinlage. Zur sicheren Diagnose von Fl\u00f6hen und L\u00e4usen. <br \/> F\u00fcr alle Felltypen geeignet.<\/p>\n<p>Gr\u00f6\u00dfe: ca. 21 cm<br \/> L\u00e4nge der Zinken: ca. 1,5 cm<\/p>\n<p><strong><\/strong><\/p>\n","protected":false},"excerpt":{"rendered":"<p>Dieser Floh und L\u00e4usekamm des Herstellers Trixie hat abgerundete Metallzinken und einen Kunststoffgriff mit rutschfester Gummieinlage. Zur sicheren Diagnose von Fl\u00f6hen und L\u00e4usen. F\u00fcr alle Felltypen geeignet. Gr\u00f6\u00dfe: ca. 21 cm L\u00e4nge der Zinken: ca. 1,5 cm<\/p>\n","protected":false},"featured_media":19363,"comment_status":"closed","ping_status":"open","template":"","meta":[],"product_cat":[],"product_tag":[],"class_list":{"0":"post-46701","1":"product","2":"type-product","3":"status-publish","4":"has-post-thumbnail","7":"first","8":"instock","9":"taxable","10":"shipping-taxable","11":"purchasable","12":"product-type-simple"},"_links":{"self":[{"href":"https:\/\/all-pets.de\/shop\/wp-json\/wp\/v2\/product\/46701","targetHints":{"allow":["GET"]}}],"collection":[{"href":"https:\/\/all-pets.de\/shop\/wp-json\/wp\/v2\/product"}],"about":[{"href":"https:\/\/all-pets.de\/shop\/wp-json\/wp\/v2\/types\/product"}],"replies":[{"embeddable":true,"href":"https:\/\/all-pets.de\/shop\/wp-json\/wp\/v2\/comments?post=46701"}],"wp:featuredmedia":[{"embeddable":true,"href":"https:\/\/all-pets.de\/shop\/wp-json\/wp\/v2\/media\/19363"}],"wp:attachment":[{"href":"https:\/\/all-pets.de\/shop\/wp-json\/wp\/v2\/media?parent=46701"}],"wp:term":[{"taxonomy":"product_cat","embeddable":true,"href":"https:\/\/all-pets.de\/shop\/wp-json\/wp\/v2\/product_cat?post=46701"},{"taxonomy":"product_tag","embeddable":true,"href":"https:\/\/all-pets.de\/shop\/wp-json\/wp\/v2\/product_tag?post=46701"}],"curies":[{"name":"wp","href":"https:\/\/api.w.org\/{rel}","templated":true}]}}