{"id":46702,"date":"2023-12-12T10:52:40","date_gmt":"2023-12-12T09:52:40","guid":{"rendered":"https:\/\/pet-shopping.de\/shop\/produkt\/trixie-floh-und-laeusekamm\/"},"modified":"2023-12-12T10:52:41","modified_gmt":"2023-12-12T09:52:41","slug":"trixie-floh-und-laeusekamm","status":"publish","type":"product","link":"https:\/\/all-pets.de\/shop\/produkt\/trixie-floh-und-laeusekamm\/","title":{"rendered":"Trixie Floh- und L\u00e4usekamm"},"content":{"rendered":"<p>Dieser Floh und L\u00e4usekamm hat\u00a0\u00a0Metallzinken und\u00a0einen Kunststoffgriff mit rutschfester Gummieinlage.<\/p>\n<p><strong>Hinweis:<\/strong><br \/> Fl\u00f6he sind ein ernst zu nehmendes tiermedizinisches Problem und k\u00f6nnen die Gesundheit und das Wohlbefinden des Tieres erheblich beeintr\u00e4chtigen.<\/p>\n<p>Um die kleinen Parasiten aufzusp\u00fcren, sollte das Tier regelm\u00e4\u00dfig\u00a0 am besten mit einem Flohkamm\u00a0 gr\u00fcndlich auf einer hellen Unterlage wie z. B. einem St\u00fcck K\u00fcchenrolle, durchgek\u00e4mmt werden. So kann bei Entdeckung eines Flohbefalls unmittelbar reagiert und die Bek\u00e4mpfung begonnen werden. Neben ausgewachsenen Fl\u00f6hen weisen Floheier, die wie kleine wei\u00dfe K\u00f6rnchen aussehen oder auch die Ausscheidungen von Fl\u00f6hen\u00a0 kleine schwarze K\u00f6rnchen, die bei Wasserkontakt einen roten Fleck ergeben\u00a0 auf einen Flohbefall hin.<\/p>\n<p>\u00a0<\/p>\n<p> Der Kamm eignet sich f\u00fcr alle Fellarten bei Hunden, Katzen und anderen Kleintieren.<\/p>\n<p> Ma\u00dfe: ca. 7,5 x 5 cm<\/p>\n","protected":false},"excerpt":{"rendered":"<p>Dieser Floh und L\u00e4usekamm hat\u00a0\u00a0Metallzinken und\u00a0einen Kunststoffgriff mit rutschfester Gummieinlage. Hinweis: Fl\u00f6he sind ein ernst zu nehmendes tiermedizinisches Problem und k\u00f6nnen die Gesundheit und das Wohlbefinden des Tieres erheblich beeintr\u00e4chtigen. Um die kleinen Parasiten aufzusp\u00fcren, sollte das Tier regelm\u00e4\u00dfig\u00a0 am besten mit einem Flohkamm\u00a0 gr\u00fcndlich auf einer hellen Unterlage wie z. B. einem St\u00fcck K\u00fcchenrolle, [&hellip;]<\/p>\n","protected":false},"featured_media":19187,"comment_status":"closed","ping_status":"open","template":"","meta":[],"product_cat":[14540],"product_tag":[],"class_list":{"0":"post-46702","1":"product","2":"type-product","3":"status-publish","4":"has-post-thumbnail","6":"product_cat-fellpflege-pflege-gesundheit-katzenbuersten-striegelkleintierwelt","8":"first","9":"instock","10":"taxable","11":"shipping-taxable","12":"purchasable","13":"product-type-simple"},"_links":{"self":[{"href":"https:\/\/all-pets.de\/shop\/wp-json\/wp\/v2\/product\/46702","targetHints":{"allow":["GET"]}}],"collection":[{"href":"https:\/\/all-pets.de\/shop\/wp-json\/wp\/v2\/product"}],"about":[{"href":"https:\/\/all-pets.de\/shop\/wp-json\/wp\/v2\/types\/product"}],"replies":[{"embeddable":true,"href":"https:\/\/all-pets.de\/shop\/wp-json\/wp\/v2\/comments?post=46702"}],"wp:featuredmedia":[{"embeddable":true,"href":"https:\/\/all-pets.de\/shop\/wp-json\/wp\/v2\/media\/19187"}],"wp:attachment":[{"href":"https:\/\/all-pets.de\/shop\/wp-json\/wp\/v2\/media?parent=46702"}],"wp:term":[{"taxonomy":"product_cat","embeddable":true,"href":"https:\/\/all-pets.de\/shop\/wp-json\/wp\/v2\/product_cat?post=46702"},{"taxonomy":"product_tag","embeddable":true,"href":"https:\/\/all-pets.de\/shop\/wp-json\/wp\/v2\/product_tag?post=46702"}],"curies":[{"name":"wp","href":"https:\/\/api.w.org\/{rel}","templated":true}]}}