{"id":46703,"date":"2023-12-12T10:52:40","date_gmt":"2023-12-12T09:52:40","guid":{"rendered":"https:\/\/pet-shopping.de\/shop\/produkt\/trixie-pluesch-igel\/"},"modified":"2023-12-12T10:52:41","modified_gmt":"2023-12-12T09:52:41","slug":"trixie-pluesch-igel","status":"publish","type":"product","link":"https:\/\/all-pets.de\/shop\/produkt\/trixie-pluesch-igel\/","title":{"rendered":"Trixie Pl\u00fcsch-Igel"},"content":{"rendered":"<p>&#8211; Pl\u00fcsch mit Fransen<br \/> &#8211; mit Catnip und Sound<\/p>\n<p>Gr\u00f6\u00dfe:\u00a0 ca. 8 cm<\/p>\n","protected":false},"excerpt":{"rendered":"<p>&#8211; Pl\u00fcsch mit Fransen &#8211; mit Catnip und Sound Gr\u00f6\u00dfe:\u00a0 ca. 8 cm<\/p>\n","protected":false},"featured_media":19203,"comment_status":"closed","ping_status":"open","template":"","meta":[],"product_cat":[14543],"product_tag":[],"class_list":{"0":"post-46703","1":"product","2":"type-product","3":"status-publish","4":"has-post-thumbnail","6":"product_cat-weitere-spielzeuge-katzenspielzeug-catnip-baldrian-spielzeugkatzenwelt-katzenspielzeug-plueschspielzeugkatzenwelt","8":"first","9":"instock","10":"taxable","11":"shipping-taxable","12":"purchasable","13":"product-type-simple"},"_links":{"self":[{"href":"https:\/\/all-pets.de\/shop\/wp-json\/wp\/v2\/product\/46703","targetHints":{"allow":["GET"]}}],"collection":[{"href":"https:\/\/all-pets.de\/shop\/wp-json\/wp\/v2\/product"}],"about":[{"href":"https:\/\/all-pets.de\/shop\/wp-json\/wp\/v2\/types\/product"}],"replies":[{"embeddable":true,"href":"https:\/\/all-pets.de\/shop\/wp-json\/wp\/v2\/comments?post=46703"}],"wp:featuredmedia":[{"embeddable":true,"href":"https:\/\/all-pets.de\/shop\/wp-json\/wp\/v2\/media\/19203"}],"wp:attachment":[{"href":"https:\/\/all-pets.de\/shop\/wp-json\/wp\/v2\/media?parent=46703"}],"wp:term":[{"taxonomy":"product_cat","embeddable":true,"href":"https:\/\/all-pets.de\/shop\/wp-json\/wp\/v2\/product_cat?post=46703"},{"taxonomy":"product_tag","embeddable":true,"href":"https:\/\/all-pets.de\/shop\/wp-json\/wp\/v2\/product_tag?post=46703"}],"curies":[{"name":"wp","href":"https:\/\/api.w.org\/{rel}","templated":true}]}}