{"id":46704,"date":"2023-12-12T10:52:40","date_gmt":"2023-12-12T09:52:40","guid":{"rendered":"https:\/\/pet-shopping.de\/shop\/produkt\/trixie-grossraumbadehaus-ca-19-x-18-x-22-cm\/"},"modified":"2023-12-12T10:52:41","modified_gmt":"2023-12-12T09:52:41","slug":"trixie-grossraumbadehaus-ca-19-x-18-x-22-cm","status":"publish","type":"product","link":"https:\/\/all-pets.de\/shop\/produkt\/trixie-grossraumbadehaus-ca-19-x-18-x-22-cm\/","title":{"rendered":"Trixie Gro\u00dfraumbadehaus &#8211; ca. 19 \u00d7 18 \u00d7 22 cm"},"content":{"rendered":"<p>&#8211; f\u00fcr Gro\u00dfsittiche und Papageien<br \/> &#8211; aus Kunststoff<br \/> &#8211; zum Einh\u00e4ngen vor die K\u00e4figt\u00fcr<br \/> &#8211; mit verstellbaren Haken<br \/> &#8211; Oberteil: perlmuttfarben<br \/> &#8211; Wanne: schwarz<br \/> &#8211; Au\u00dfenma\u00dfe: ca. 19 x 18 x 22 cm (BxHxT)<br \/> &#8211; Breite der Anflugleiste = Mindestbreite der T\u00fcr\u00f6ffnung: 15 cm<br \/> &#8211; einfache Selbstmontage <\/p>\n","protected":false},"excerpt":{"rendered":"<p>&#8211; f\u00fcr Gro\u00dfsittiche und Papageien &#8211; aus Kunststoff &#8211; zum Einh\u00e4ngen vor die K\u00e4figt\u00fcr &#8211; mit verstellbaren Haken &#8211; Oberteil: perlmuttfarben &#8211; Wanne: schwarz &#8211; Au\u00dfenma\u00dfe: ca. 19 x 18 x 22 cm (BxHxT) &#8211; Breite der Anflugleiste = Mindestbreite der T\u00fcr\u00f6ffnung: 15 cm &#8211; einfache Selbstmontage<\/p>\n","protected":false},"featured_media":19255,"comment_status":"closed","ping_status":"open","template":"","meta":[],"product_cat":[13950],"product_tag":[],"class_list":{"0":"post-46704","1":"product","2":"type-product","3":"status-publish","4":"has-post-thumbnail","6":"product_cat-badehaeuser","8":"first","9":"instock","10":"taxable","11":"shipping-taxable","12":"purchasable","13":"product-type-simple"},"_links":{"self":[{"href":"https:\/\/all-pets.de\/shop\/wp-json\/wp\/v2\/product\/46704","targetHints":{"allow":["GET"]}}],"collection":[{"href":"https:\/\/all-pets.de\/shop\/wp-json\/wp\/v2\/product"}],"about":[{"href":"https:\/\/all-pets.de\/shop\/wp-json\/wp\/v2\/types\/product"}],"replies":[{"embeddable":true,"href":"https:\/\/all-pets.de\/shop\/wp-json\/wp\/v2\/comments?post=46704"}],"wp:featuredmedia":[{"embeddable":true,"href":"https:\/\/all-pets.de\/shop\/wp-json\/wp\/v2\/media\/19255"}],"wp:attachment":[{"href":"https:\/\/all-pets.de\/shop\/wp-json\/wp\/v2\/media?parent=46704"}],"wp:term":[{"taxonomy":"product_cat","embeddable":true,"href":"https:\/\/all-pets.de\/shop\/wp-json\/wp\/v2\/product_cat?post=46704"},{"taxonomy":"product_tag","embeddable":true,"href":"https:\/\/all-pets.de\/shop\/wp-json\/wp\/v2\/product_tag?post=46704"}],"curies":[{"name":"wp","href":"https:\/\/api.w.org\/{rel}","templated":true}]}}