{"id":46706,"date":"2023-12-12T10:52:40","date_gmt":"2023-12-12T09:52:40","guid":{"rendered":"https:\/\/pet-shopping.de\/shop\/produkt\/trixie-heuraufe-zum-einhaengen\/"},"modified":"2023-12-12T10:52:41","modified_gmt":"2023-12-12T09:52:41","slug":"trixie-heuraufe-zum-einhaengen","status":"publish","type":"product","link":"https:\/\/all-pets.de\/shop\/produkt\/trixie-heuraufe-zum-einhaengen\/","title":{"rendered":"Trixie Heuraufe zum Einh\u00e4ngen"},"content":{"rendered":"<p>Diese Heuraufe aus Naturholz wird mithilfe von Haken, die in das Holz eingedreht werden, einfach ins Gitter von K\u00e4fig oder Freigehege eingehangen. Der aufklappbare Deckel dient zus\u00e4tzlich auch als Sitzfl\u00e4che und das eingef\u00fcllte Heu etc. ist vor Verunreinigung durch Kot und Harn gesch\u00fctzt. Es besteht keinerlei Verletzungsgefahr f\u00fcr Ihre Tiere.<\/p>\n<p> Ma\u00dfe: ca. 20 x 17 x 15 cm (BxHxT)<\/p>\n","protected":false},"excerpt":{"rendered":"<p>Diese Heuraufe aus Naturholz wird mithilfe von Haken, die in das Holz eingedreht werden, einfach ins Gitter von K\u00e4fig oder Freigehege eingehangen. Der aufklappbare Deckel dient zus\u00e4tzlich auch als Sitzfl\u00e4che und das eingef\u00fcllte Heu etc. ist vor Verunreinigung durch Kot und Harn gesch\u00fctzt. Es besteht keinerlei Verletzungsgefahr f\u00fcr Ihre Tiere. Ma\u00dfe: ca. 20 x 17 [&hellip;]<\/p>\n","protected":false},"featured_media":19158,"comment_status":"closed","ping_status":"open","template":"","meta":[],"product_cat":[13722],"product_tag":[],"class_list":{"0":"post-46706","1":"product","2":"type-product","3":"status-publish","4":"has-post-thumbnail","6":"product_cat-heuraufen","8":"first","9":"instock","10":"taxable","11":"shipping-taxable","12":"purchasable","13":"product-type-simple"},"_links":{"self":[{"href":"https:\/\/all-pets.de\/shop\/wp-json\/wp\/v2\/product\/46706","targetHints":{"allow":["GET"]}}],"collection":[{"href":"https:\/\/all-pets.de\/shop\/wp-json\/wp\/v2\/product"}],"about":[{"href":"https:\/\/all-pets.de\/shop\/wp-json\/wp\/v2\/types\/product"}],"replies":[{"embeddable":true,"href":"https:\/\/all-pets.de\/shop\/wp-json\/wp\/v2\/comments?post=46706"}],"wp:featuredmedia":[{"embeddable":true,"href":"https:\/\/all-pets.de\/shop\/wp-json\/wp\/v2\/media\/19158"}],"wp:attachment":[{"href":"https:\/\/all-pets.de\/shop\/wp-json\/wp\/v2\/media?parent=46706"}],"wp:term":[{"taxonomy":"product_cat","embeddable":true,"href":"https:\/\/all-pets.de\/shop\/wp-json\/wp\/v2\/product_cat?post=46706"},{"taxonomy":"product_tag","embeddable":true,"href":"https:\/\/all-pets.de\/shop\/wp-json\/wp\/v2\/product_tag?post=46706"}],"curies":[{"name":"wp","href":"https:\/\/api.w.org\/{rel}","templated":true}]}}