{"id":46710,"date":"2023-12-12T10:52:40","date_gmt":"2023-12-12T09:52:40","guid":{"rendered":"https:\/\/pet-shopping.de\/shop\/produkt\/trixie-pflegekamm-fuer-hunde-und-katzen-22-cm\/"},"modified":"2023-12-12T10:52:42","modified_gmt":"2023-12-12T09:52:42","slug":"trixie-pflegekamm-fuer-hunde-und-katzen-22-cm","status":"publish","type":"product","link":"https:\/\/all-pets.de\/shop\/produkt\/trixie-pflegekamm-fuer-hunde-und-katzen-22-cm\/","title":{"rendered":"Trixie Pflegekamm f\u00fcr Hunde und Katzen &#8211; 22 cm"},"content":{"rendered":"<p>Dieser Fellkamm das Herstellers Trixie mit feinen Zinken sorgt f\u00fcr ein glattes Fell. Da die Zinken abgerundet sind ist die Pflege des Deckhaars und der Unterwolle mit diesem Kamm besonders Tier- und Fellfreundlich. Der Griff besteht aus Kunststoff und ist mit einer rutschfesten Gummieinlage ausgestattet.<\/p>\n<p>F\u00fcr Tiere mit Kurzhaar, Stockhaar und f\u00fcr Kurzhaarkatzen.<\/p>\n<p>Gr\u00f6\u00dfe: ca. 22 cm <br \/> L\u00e4nge der Zinken: ca. 1,4 cm<\/p>\n","protected":false},"excerpt":{"rendered":"<p>Dieser Fellkamm das Herstellers Trixie mit feinen Zinken sorgt f\u00fcr ein glattes Fell. Da die Zinken abgerundet sind ist die Pflege des Deckhaars und der Unterwolle mit diesem Kamm besonders Tier- und Fellfreundlich. Der Griff besteht aus Kunststoff und ist mit einer rutschfesten Gummieinlage ausgestattet. F\u00fcr Tiere mit Kurzhaar, Stockhaar und f\u00fcr Kurzhaarkatzen. Gr\u00f6\u00dfe: ca. [&hellip;]<\/p>\n","protected":false},"featured_media":19222,"comment_status":"closed","ping_status":"open","template":"","meta":[],"product_cat":[14546],"product_tag":[],"class_list":{"0":"post-46710","1":"product","2":"type-product","3":"status-publish","4":"has-post-thumbnail","6":"product_cat-katzenbuersten-striegel-fellpflege-pflege-gesundheit-fellkaemmekatzenwelt-fellpflege-pflege-gesundheit-hundewelt","8":"first","9":"instock","10":"taxable","11":"shipping-taxable","12":"purchasable","13":"product-type-simple"},"_links":{"self":[{"href":"https:\/\/all-pets.de\/shop\/wp-json\/wp\/v2\/product\/46710","targetHints":{"allow":["GET"]}}],"collection":[{"href":"https:\/\/all-pets.de\/shop\/wp-json\/wp\/v2\/product"}],"about":[{"href":"https:\/\/all-pets.de\/shop\/wp-json\/wp\/v2\/types\/product"}],"replies":[{"embeddable":true,"href":"https:\/\/all-pets.de\/shop\/wp-json\/wp\/v2\/comments?post=46710"}],"wp:featuredmedia":[{"embeddable":true,"href":"https:\/\/all-pets.de\/shop\/wp-json\/wp\/v2\/media\/19222"}],"wp:attachment":[{"href":"https:\/\/all-pets.de\/shop\/wp-json\/wp\/v2\/media?parent=46710"}],"wp:term":[{"taxonomy":"product_cat","embeddable":true,"href":"https:\/\/all-pets.de\/shop\/wp-json\/wp\/v2\/product_cat?post=46710"},{"taxonomy":"product_tag","embeddable":true,"href":"https:\/\/all-pets.de\/shop\/wp-json\/wp\/v2\/product_tag?post=46710"}],"curies":[{"name":"wp","href":"https:\/\/api.w.org\/{rel}","templated":true}]}}