{"id":46711,"date":"2023-12-12T10:52:40","date_gmt":"2023-12-12T09:52:40","guid":{"rendered":"https:\/\/pet-shopping.de\/shop\/produkt\/trixie-kamm-mit-mittlerem-zinkenabstand\/"},"modified":"2023-12-12T10:52:42","modified_gmt":"2023-12-12T09:52:42","slug":"trixie-kamm-mit-mittlerem-zinkenabstand","status":"publish","type":"product","link":"https:\/\/all-pets.de\/shop\/produkt\/trixie-kamm-mit-mittlerem-zinkenabstand\/","title":{"rendered":"Trixie Kamm mit mittlerem Zinkenabstand"},"content":{"rendered":"<p>Dieser Kamm des Herstellers Trixie hat einen mittleren Zinkenabstand.Der Kamm hat einen Kunststoffgriff mit rutschfester Gummieinlage und besitzt abgerundete Zinken zur schonenden Fellpflege. Er dient der besonderen Pflege des Deckhaars und der Unterwolle.<\/p>\n<p>F\u00fcr folgende Felltypen geeignet:<\/p>\n<p>Lockhaar, Langhaar,\u00a0 Seidenhaar, Zotthaar, Kurzhaar, Stockhaar oder Rauhaar<\/p>\n<p>Gr\u00f6\u00dfe: 22 cm <br \/> L\u00e4nge der Zinken: ca. 2,3 cm<\/p>\n","protected":false},"excerpt":{"rendered":"<p>Dieser Kamm des Herstellers Trixie hat einen mittleren Zinkenabstand.Der Kamm hat einen Kunststoffgriff mit rutschfester Gummieinlage und besitzt abgerundete Zinken zur schonenden Fellpflege. Er dient der besonderen Pflege des Deckhaars und der Unterwolle. F\u00fcr folgende Felltypen geeignet: Lockhaar, Langhaar,\u00a0 Seidenhaar, Zotthaar, Kurzhaar, Stockhaar oder Rauhaar Gr\u00f6\u00dfe: 22 cm L\u00e4nge der Zinken: ca. 2,3 cm<\/p>\n","protected":false},"featured_media":19201,"comment_status":"closed","ping_status":"open","template":"","meta":[],"product_cat":[14546],"product_tag":[],"class_list":{"0":"post-46711","1":"product","2":"type-product","3":"status-publish","4":"has-post-thumbnail","6":"product_cat-katzenbuersten-striegel-fellpflege-pflege-gesundheit-fellkaemmekatzenwelt-fellpflege-pflege-gesundheit-hundewelt","8":"first","9":"instock","10":"taxable","11":"shipping-taxable","12":"purchasable","13":"product-type-simple"},"_links":{"self":[{"href":"https:\/\/all-pets.de\/shop\/wp-json\/wp\/v2\/product\/46711","targetHints":{"allow":["GET"]}}],"collection":[{"href":"https:\/\/all-pets.de\/shop\/wp-json\/wp\/v2\/product"}],"about":[{"href":"https:\/\/all-pets.de\/shop\/wp-json\/wp\/v2\/types\/product"}],"replies":[{"embeddable":true,"href":"https:\/\/all-pets.de\/shop\/wp-json\/wp\/v2\/comments?post=46711"}],"wp:featuredmedia":[{"embeddable":true,"href":"https:\/\/all-pets.de\/shop\/wp-json\/wp\/v2\/media\/19201"}],"wp:attachment":[{"href":"https:\/\/all-pets.de\/shop\/wp-json\/wp\/v2\/media?parent=46711"}],"wp:term":[{"taxonomy":"product_cat","embeddable":true,"href":"https:\/\/all-pets.de\/shop\/wp-json\/wp\/v2\/product_cat?post=46711"},{"taxonomy":"product_tag","embeddable":true,"href":"https:\/\/all-pets.de\/shop\/wp-json\/wp\/v2\/product_tag?post=46711"}],"curies":[{"name":"wp","href":"https:\/\/api.w.org\/{rel}","templated":true}]}}