{"id":46721,"date":"2023-12-12T10:52:40","date_gmt":"2023-12-12T09:52:40","guid":{"rendered":"https:\/\/pet-shopping.de\/shop\/produkt\/trixie-zecken-stift-mit-led-licht\/"},"modified":"2023-12-12T10:52:44","modified_gmt":"2023-12-12T09:52:44","slug":"trixie-zecken-stift-mit-led-licht","status":"publish","type":"product","link":"https:\/\/all-pets.de\/shop\/produkt\/trixie-zecken-stift-mit-led-licht\/","title":{"rendered":"Trixie Zecken-Stift mit LED-Licht"},"content":{"rendered":"<p>Mit dem Zecken-Stift aus Kunststoff lassen sich Zecken m\u00fchelos entfernen, wodurch die \u00dcbertragung gef\u00e4hrlicher Erreger gehemmt wird. Durch die integrierte LED-Lampe lassen sich die Zecken, vorallem bei dunklem Fell, besser auffinden. Der Zecken-Stift hat ein handliches Format und ist mit einem praktischen Clip versehen, so dass man ihn immer griffbereit bei sich tragen kann.<\/p>\n<p>Gr\u00f6\u00dfe: ca. 14 cm<br \/> Diverse Farben. Eine Farbwahl ist leider nicht m\u00f6glich, da die Farbe je nach Lagerbestand gew\u00e4hlt wird.<\/p>\n","protected":false},"excerpt":{"rendered":"<p>Mit dem Zecken-Stift aus Kunststoff lassen sich Zecken m\u00fchelos entfernen, wodurch die \u00dcbertragung gef\u00e4hrlicher Erreger gehemmt wird. Durch die integrierte LED-Lampe lassen sich die Zecken, vorallem bei dunklem Fell, besser auffinden. Der Zecken-Stift hat ein handliches Format und ist mit einem praktischen Clip versehen, so dass man ihn immer griffbereit bei sich tragen kann. Gr\u00f6\u00dfe: [&hellip;]<\/p>\n","protected":false},"featured_media":21075,"comment_status":"closed","ping_status":"open","template":"","meta":[],"product_cat":[14551],"product_tag":[],"class_list":{"0":"post-46721","1":"product","2":"type-product","3":"status-publish","4":"has-post-thumbnail","6":"product_cat-katzen-apotheke-pflege-gesundheit-hunde-apothekekatzenwelt-pflege-gesundheit-ungeziefer-schutzhundewelt-pflege-gesundheit-ungeziefer-schutzkatzenwelt-pflege-gesundheit-hundewelt","8":"first","9":"instock","10":"taxable","11":"shipping-taxable","12":"purchasable","13":"product-type-simple"},"_links":{"self":[{"href":"https:\/\/all-pets.de\/shop\/wp-json\/wp\/v2\/product\/46721","targetHints":{"allow":["GET"]}}],"collection":[{"href":"https:\/\/all-pets.de\/shop\/wp-json\/wp\/v2\/product"}],"about":[{"href":"https:\/\/all-pets.de\/shop\/wp-json\/wp\/v2\/types\/product"}],"replies":[{"embeddable":true,"href":"https:\/\/all-pets.de\/shop\/wp-json\/wp\/v2\/comments?post=46721"}],"wp:featuredmedia":[{"embeddable":true,"href":"https:\/\/all-pets.de\/shop\/wp-json\/wp\/v2\/media\/21075"}],"wp:attachment":[{"href":"https:\/\/all-pets.de\/shop\/wp-json\/wp\/v2\/media?parent=46721"}],"wp:term":[{"taxonomy":"product_cat","embeddable":true,"href":"https:\/\/all-pets.de\/shop\/wp-json\/wp\/v2\/product_cat?post=46721"},{"taxonomy":"product_tag","embeddable":true,"href":"https:\/\/all-pets.de\/shop\/wp-json\/wp\/v2\/product_tag?post=46721"}],"curies":[{"name":"wp","href":"https:\/\/api.w.org\/{rel}","templated":true}]}}