{"id":46730,"date":"2023-12-12T10:52:45","date_gmt":"2023-12-12T09:52:45","guid":{"rendered":"https:\/\/pet-shopping.de\/shop\/produkt\/karlie-flamingo-good4fun-tpr-rotary\/"},"modified":"2023-12-12T10:52:46","modified_gmt":"2023-12-12T09:52:46","slug":"karlie-flamingo-good4fun-tpr-rotary","status":"publish","type":"product","link":"https:\/\/all-pets.de\/shop\/produkt\/karlie-flamingo-good4fun-tpr-rotary\/","title":{"rendered":"Karlie Flamingo good4fun TPR Rotary"},"content":{"rendered":"<p>good4fun sind Spielzeuge aus Thermo Plastic Rubber, einem Material, das witterungsbest\u00e4ndig und extrem lange haltbar ist. Dieses weiche Material ist besonders zahnfreundlich und nat\u00fcrlich Non Toxic. Auch f\u00fcr Spiele im und am Wasser super geeignet, da die Spielzeuge schwimmf\u00e4hig sind. Geeignet f\u00fcr alle Altersgruppen, vom Puppy bis zum Senior.<\/p>\n<p>Der good4fun Rotary ist ca. 5,5 x 40 x 5 cm gro\u00df und ist mit seinen Signalfarben schnell zu finden. Er eignet sich toll zum Werfen und Apportieren.<\/p>\n","protected":false},"excerpt":{"rendered":"<p>good4fun sind Spielzeuge aus Thermo Plastic Rubber, einem Material, das witterungsbest\u00e4ndig und extrem lange haltbar ist. Dieses weiche Material ist besonders zahnfreundlich und nat\u00fcrlich Non Toxic. Auch f\u00fcr Spiele im und am Wasser super geeignet, da die Spielzeuge schwimmf\u00e4hig sind. Geeignet f\u00fcr alle Altersgruppen, vom Puppy bis zum Senior. Der good4fun Rotary ist ca. 5,5 [&hellip;]<\/p>\n","protected":false},"featured_media":31884,"comment_status":"closed","ping_status":"open","template":"","meta":[],"product_cat":[14170],"product_tag":[],"class_list":{"0":"post-46730","1":"product","2":"type-product","3":"status-publish","4":"has-post-thumbnail","6":"product_cat-aqua-spielzeug-hundespielzeug-sport-hundewurfspielzeughundewelt","8":"first","9":"instock","10":"taxable","11":"shipping-taxable","12":"purchasable","13":"product-type-simple"},"_links":{"self":[{"href":"https:\/\/all-pets.de\/shop\/wp-json\/wp\/v2\/product\/46730","targetHints":{"allow":["GET"]}}],"collection":[{"href":"https:\/\/all-pets.de\/shop\/wp-json\/wp\/v2\/product"}],"about":[{"href":"https:\/\/all-pets.de\/shop\/wp-json\/wp\/v2\/types\/product"}],"replies":[{"embeddable":true,"href":"https:\/\/all-pets.de\/shop\/wp-json\/wp\/v2\/comments?post=46730"}],"wp:featuredmedia":[{"embeddable":true,"href":"https:\/\/all-pets.de\/shop\/wp-json\/wp\/v2\/media\/31884"}],"wp:attachment":[{"href":"https:\/\/all-pets.de\/shop\/wp-json\/wp\/v2\/media?parent=46730"}],"wp:term":[{"taxonomy":"product_cat","embeddable":true,"href":"https:\/\/all-pets.de\/shop\/wp-json\/wp\/v2\/product_cat?post=46730"},{"taxonomy":"product_tag","embeddable":true,"href":"https:\/\/all-pets.de\/shop\/wp-json\/wp\/v2\/product_tag?post=46730"}],"curies":[{"name":"wp","href":"https:\/\/api.w.org\/{rel}","templated":true}]}}