{"id":46739,"date":"2023-12-12T10:52:45","date_gmt":"2023-12-12T09:52:45","guid":{"rendered":"https:\/\/pet-shopping.de\/shop\/produkt\/trixie-kratzbaum-isaba-schwarz-weiss\/"},"modified":"2023-12-12T10:52:46","modified_gmt":"2023-12-12T09:52:46","slug":"trixie-kratzbaum-isaba-schwarz-weiss","status":"publish","type":"product","link":"https:\/\/all-pets.de\/shop\/produkt\/trixie-kratzbaum-isaba-schwarz-weiss\/","title":{"rendered":"Trixie Kratzbaum Isaba &#8211; schwarz-wei\u00df"},"content":{"rendered":"<ul>\n<li>Sisaldurchmesser: 6 mm\/Langhaar-Pl\u00fcsch (Polyester): 480 g\/m\u00b2<\/li>\n<li>Farbe: schwarz-wei\u00df<\/li>\n<li>H\u00f6he: ca. 62 cm<\/li>\n<li>Grundfl\u00e4che: ca. 36 x 36 cm<\/li>\n<li>Stammdurchmesser: ca. 8 cm<\/li>\n<\/ul>\n","protected":false},"excerpt":{"rendered":"<p>Sisaldurchmesser: 6 mm\/Langhaar-Pl\u00fcsch (Polyester): 480 g\/m\u00b2 Farbe: schwarz-wei\u00df H\u00f6he: ca. 62 cm Grundfl\u00e4che: ca. 36 x 36 cm Stammdurchmesser: ca. 8 cm<\/p>\n","protected":false},"featured_media":22342,"comment_status":"closed","ping_status":"open","template":"","meta":[],"product_cat":[14559],"product_tag":[],"class_list":{"0":"post-46739","1":"product","2":"type-product","3":"status-publish","4":"has-post-thumbnail","6":"product_cat-bis-100-cm-kratzbaeume-moebel-kratzbaeume-moebelkatzenwelt","8":"first","9":"instock","10":"taxable","11":"shipping-taxable","12":"purchasable","13":"product-type-simple"},"_links":{"self":[{"href":"https:\/\/all-pets.de\/shop\/wp-json\/wp\/v2\/product\/46739","targetHints":{"allow":["GET"]}}],"collection":[{"href":"https:\/\/all-pets.de\/shop\/wp-json\/wp\/v2\/product"}],"about":[{"href":"https:\/\/all-pets.de\/shop\/wp-json\/wp\/v2\/types\/product"}],"replies":[{"embeddable":true,"href":"https:\/\/all-pets.de\/shop\/wp-json\/wp\/v2\/comments?post=46739"}],"wp:featuredmedia":[{"embeddable":true,"href":"https:\/\/all-pets.de\/shop\/wp-json\/wp\/v2\/media\/22342"}],"wp:attachment":[{"href":"https:\/\/all-pets.de\/shop\/wp-json\/wp\/v2\/media?parent=46739"}],"wp:term":[{"taxonomy":"product_cat","embeddable":true,"href":"https:\/\/all-pets.de\/shop\/wp-json\/wp\/v2\/product_cat?post=46739"},{"taxonomy":"product_tag","embeddable":true,"href":"https:\/\/all-pets.de\/shop\/wp-json\/wp\/v2\/product_tag?post=46739"}],"curies":[{"name":"wp","href":"https:\/\/api.w.org\/{rel}","templated":true}]}}