{"id":46740,"date":"2023-12-12T10:52:45","date_gmt":"2023-12-12T09:52:45","guid":{"rendered":"https:\/\/pet-shopping.de\/shop\/produkt\/trixie-kratzbaum-lugo-braun-tuerkis\/"},"modified":"2023-12-12T10:52:47","modified_gmt":"2023-12-12T09:52:47","slug":"trixie-kratzbaum-lugo-braun-tuerkis","status":"publish","type":"product","link":"https:\/\/all-pets.de\/shop\/produkt\/trixie-kratzbaum-lugo-braun-tuerkis\/","title":{"rendered":"Trixie Kratzbaum Lugo &#8211; braun\/t\u00fcrkis"},"content":{"rendered":"<p>Der Trixie Kratzbaum Lugo f\u00e4llt surch seine moderne Farbgebung mit braunen und t\u00fcrkisblauen Elementen in jeder Wohnumgebung direkt ins Auge.<\/p>\n<p>Er nimmt auch in kleinen Wohnungen nicht viel Platz in Anspruch und bietet trotzdem alles, was das Katzenherz begehrt! Die Platten sind mit weichem Pl\u00fcsch bezogen und die St\u00e4mme mit Natursisal umwickelt, so dass dem Krallensch\u00e4rfen nichts mehr im Wege steht. Zur Freude Ihrer Schmusekatze sind die Liegefl\u00e4chen nicht nur mit einem Rand best\u00fcckt, der ein herausfallen im Schlaf verhindert, sondern auch noch weich gepolstert. So tr\u00e4umt es sich einfach wunderbar!<\/p>\n<p>Grundfl\u00e4che: ca. 45 cm Durchmesser<br \/> Stammdurchmesser: ca. 9 cm<br \/> H\u00f6he: ca. 103 cm<br \/> Farbe: Braun\/T\u00fcrkis<\/p>\n","protected":false},"excerpt":{"rendered":"<p>Der Trixie Kratzbaum Lugo f\u00e4llt surch seine moderne Farbgebung mit braunen und t\u00fcrkisblauen Elementen in jeder Wohnumgebung direkt ins Auge. Er nimmt auch in kleinen Wohnungen nicht viel Platz in Anspruch und bietet trotzdem alles, was das Katzenherz begehrt! Die Platten sind mit weichem Pl\u00fcsch bezogen und die St\u00e4mme mit Natursisal umwickelt, so dass dem [&hellip;]<\/p>\n","protected":false},"featured_media":22285,"comment_status":"closed","ping_status":"open","template":"","meta":[],"product_cat":[14269],"product_tag":[],"class_list":{"0":"post-46740","1":"product","2":"type-product","3":"status-publish","4":"has-post-thumbnail","6":"product_cat-kratzbaeume-moebel-bis-100-cmkatzenwelt-kratzbaeume-moebel-bis-175-cmkatzenwelt","8":"first","9":"instock","10":"taxable","11":"shipping-taxable","12":"purchasable","13":"product-type-simple"},"_links":{"self":[{"href":"https:\/\/all-pets.de\/shop\/wp-json\/wp\/v2\/product\/46740","targetHints":{"allow":["GET"]}}],"collection":[{"href":"https:\/\/all-pets.de\/shop\/wp-json\/wp\/v2\/product"}],"about":[{"href":"https:\/\/all-pets.de\/shop\/wp-json\/wp\/v2\/types\/product"}],"replies":[{"embeddable":true,"href":"https:\/\/all-pets.de\/shop\/wp-json\/wp\/v2\/comments?post=46740"}],"wp:featuredmedia":[{"embeddable":true,"href":"https:\/\/all-pets.de\/shop\/wp-json\/wp\/v2\/media\/22285"}],"wp:attachment":[{"href":"https:\/\/all-pets.de\/shop\/wp-json\/wp\/v2\/media?parent=46740"}],"wp:term":[{"taxonomy":"product_cat","embeddable":true,"href":"https:\/\/all-pets.de\/shop\/wp-json\/wp\/v2\/product_cat?post=46740"},{"taxonomy":"product_tag","embeddable":true,"href":"https:\/\/all-pets.de\/shop\/wp-json\/wp\/v2\/product_tag?post=46740"}],"curies":[{"name":"wp","href":"https:\/\/api.w.org\/{rel}","templated":true}]}}