{"id":46744,"date":"2023-12-12T10:52:45","date_gmt":"2023-12-12T09:52:45","guid":{"rendered":"https:\/\/pet-shopping.de\/shop\/produkt\/trixie-loewe-aus-pluesch-22-cm\/"},"modified":"2023-12-12T10:52:47","modified_gmt":"2023-12-12T09:52:47","slug":"trixie-loewe-aus-pluesch-22-cm","status":"publish","type":"product","link":"https:\/\/all-pets.de\/shop\/produkt\/trixie-loewe-aus-pluesch-22-cm\/","title":{"rendered":"Trixie L\u00f6we aus Pl\u00fcsch &#8211; 22 cm"},"content":{"rendered":"<p>L\u00f6we aus Pl\u00fcsch mit Stimme. Besonders robust und hochwertig.<\/p>\n<p>Gr\u00f6\u00dfe: ca. 22 cm<\/p>\n","protected":false},"excerpt":{"rendered":"<p>L\u00f6we aus Pl\u00fcsch mit Stimme. Besonders robust und hochwertig. Gr\u00f6\u00dfe: ca. 22 cm<\/p>\n","protected":false},"featured_media":157,"comment_status":"closed","ping_status":"open","template":"","meta":[],"product_cat":[14206],"product_tag":[],"class_list":{"0":"post-46744","1":"product","2":"type-product","3":"status-publish","4":"has-post-thumbnail","6":"product_cat-squeeker-hundespielzeug-sport-plueschspielzeughundewelt","8":"first","9":"instock","10":"taxable","11":"shipping-taxable","12":"purchasable","13":"product-type-simple"},"_links":{"self":[{"href":"https:\/\/all-pets.de\/shop\/wp-json\/wp\/v2\/product\/46744","targetHints":{"allow":["GET"]}}],"collection":[{"href":"https:\/\/all-pets.de\/shop\/wp-json\/wp\/v2\/product"}],"about":[{"href":"https:\/\/all-pets.de\/shop\/wp-json\/wp\/v2\/types\/product"}],"replies":[{"embeddable":true,"href":"https:\/\/all-pets.de\/shop\/wp-json\/wp\/v2\/comments?post=46744"}],"wp:featuredmedia":[{"embeddable":true,"href":"https:\/\/all-pets.de\/shop\/wp-json\/wp\/v2\/media\/157"}],"wp:attachment":[{"href":"https:\/\/all-pets.de\/shop\/wp-json\/wp\/v2\/media?parent=46744"}],"wp:term":[{"taxonomy":"product_cat","embeddable":true,"href":"https:\/\/all-pets.de\/shop\/wp-json\/wp\/v2\/product_cat?post=46744"},{"taxonomy":"product_tag","embeddable":true,"href":"https:\/\/all-pets.de\/shop\/wp-json\/wp\/v2\/product_tag?post=46744"}],"curies":[{"name":"wp","href":"https:\/\/api.w.org\/{rel}","templated":true}]}}