{"id":46746,"date":"2023-12-12T10:52:45","date_gmt":"2023-12-12T09:52:45","guid":{"rendered":"https:\/\/pet-shopping.de\/shop\/produkt\/karlie-flamingo-shampoo-fuer-schwarzes-fell-300-ml\/"},"modified":"2023-12-12T10:52:47","modified_gmt":"2023-12-12T09:52:47","slug":"karlie-flamingo-shampoo-fuer-schwarzes-fell-300-ml","status":"publish","type":"product","link":"https:\/\/all-pets.de\/shop\/produkt\/karlie-flamingo-shampoo-fuer-schwarzes-fell-300-ml\/","title":{"rendered":"Karlie Flamingo Shampoo f\u00fcr schwarzes Fell &#8211; 300 ml"},"content":{"rendered":"<p>Das Black-Shampoo bringt schwarzem Fell seine nat\u00fcrliche, dunkle Farbe und seinen Glanz zur\u00fcck.<\/p>\n<p>Inhalt: 300 ml<\/p>\n<p>Inhaltsstoffe nach den Wasch- und Reinigungsmittel-Regularien: 5-15% anionische Tenside, weniger als 5% nichtionische Tenside, weniger als 5% amphotere Tenside, Parf\u00fcm, Sodium-Benzoat.<\/p>\n","protected":false},"excerpt":{"rendered":"<p>Das Black-Shampoo bringt schwarzem Fell seine nat\u00fcrliche, dunkle Farbe und seinen Glanz zur\u00fcck. Inhalt: 300 ml Inhaltsstoffe nach den Wasch- und Reinigungsmittel-Regularien: 5-15% anionische Tenside, weniger als 5% nichtionische Tenside, weniger als 5% amphotere Tenside, Parf\u00fcm, Sodium-Benzoat.<\/p>\n","protected":false},"featured_media":2531,"comment_status":"closed","ping_status":"open","template":"","meta":[],"product_cat":[14071],"product_tag":[],"class_list":{"0":"post-46746","1":"product","2":"type-product","3":"status-publish","4":"has-post-thumbnail","6":"product_cat-shampoos","8":"first","9":"instock","10":"taxable","11":"shipping-taxable","12":"purchasable","13":"product-type-simple"},"_links":{"self":[{"href":"https:\/\/all-pets.de\/shop\/wp-json\/wp\/v2\/product\/46746","targetHints":{"allow":["GET"]}}],"collection":[{"href":"https:\/\/all-pets.de\/shop\/wp-json\/wp\/v2\/product"}],"about":[{"href":"https:\/\/all-pets.de\/shop\/wp-json\/wp\/v2\/types\/product"}],"replies":[{"embeddable":true,"href":"https:\/\/all-pets.de\/shop\/wp-json\/wp\/v2\/comments?post=46746"}],"wp:featuredmedia":[{"embeddable":true,"href":"https:\/\/all-pets.de\/shop\/wp-json\/wp\/v2\/media\/2531"}],"wp:attachment":[{"href":"https:\/\/all-pets.de\/shop\/wp-json\/wp\/v2\/media?parent=46746"}],"wp:term":[{"taxonomy":"product_cat","embeddable":true,"href":"https:\/\/all-pets.de\/shop\/wp-json\/wp\/v2\/product_cat?post=46746"},{"taxonomy":"product_tag","embeddable":true,"href":"https:\/\/all-pets.de\/shop\/wp-json\/wp\/v2\/product_tag?post=46746"}],"curies":[{"name":"wp","href":"https:\/\/api.w.org\/{rel}","templated":true}]}}