{"id":46749,"date":"2023-12-12T10:52:49","date_gmt":"2023-12-12T09:52:49","guid":{"rendered":"https:\/\/pet-shopping.de\/shop\/produkt\/jr-farm-loewenzahn-im-eimer-400g\/"},"modified":"2023-12-12T10:52:49","modified_gmt":"2023-12-12T09:52:49","slug":"jr-farm-loewenzahn-im-eimer-400g","status":"publish","type":"product","link":"https:\/\/all-pets.de\/shop\/produkt\/jr-farm-loewenzahn-im-eimer-400g\/","title":{"rendered":"JR Farm L\u00f6wenzahn im Eimer &#8211; 400g"},"content":{"rendered":"<p>Erg\u00e4nzungsfuttermittel f\u00fcr alle Nager und Zwergkaninchen<\/p>\n<div class=\"content--product-code\">\n<div class=\"detail--product-code\">\n<div class=\"content--title\"> Zusammensetzung <\/div>\n<p>L\u00f6wenzahn 85%, Ringelblumenbl\u00fcten<\/p>\n<\/p><\/div>\n<\/p><\/div>\n<div class=\"content--product-code\">\n<div class=\"detail--product-code\">\n<div class=\"content--title\"> Analytische Bestandteile <\/div>\n<p>Protein 13,7%, Fettgehalt 3,1%, Rohfaser 12,0%, Rohasche 14,5%, Calcium 14255 mg\/kg, Phosphor 2837 mg\/kg, Natrium 4907 mg\/kg<\/p>\n<\/p><\/div>\n<\/p><\/div>\n<div class=\"content--product-code\">\n<div class=\"detail--product-code\">\n<div class=\"content--title\"> F\u00fctterungsempfehlung <\/div>\n<p>Gemischt mit Heu oder anderen Kr\u00e4utern, oder zus\u00e4tzlich zur t\u00e4glichen Heuration<\/p>\n<\/p><\/div>\n<\/p><\/div>\n","protected":false},"excerpt":{"rendered":"<p>Erg\u00e4nzungsfuttermittel f\u00fcr alle Nager und Zwergkaninchen Zusammensetzung L\u00f6wenzahn 85%, Ringelblumenbl\u00fcten Analytische Bestandteile Protein 13,7%, Fettgehalt 3,1%, Rohfaser 12,0%, Rohasche 14,5%, Calcium 14255 mg\/kg, Phosphor 2837 mg\/kg, Natrium 4907 mg\/kg F\u00fctterungsempfehlung Gemischt mit Heu oder anderen Kr\u00e4utern, oder zus\u00e4tzlich zur t\u00e4glichen Heuration<\/p>\n","protected":false},"featured_media":19704,"comment_status":"closed","ping_status":"open","template":"","meta":[],"product_cat":[13830],"product_tag":[],"class_list":{"0":"post-46749","1":"product","2":"type-product","3":"status-publish","4":"has-post-thumbnail","6":"product_cat-meerschweinchen","8":"first","9":"instock","10":"taxable","11":"shipping-taxable","12":"purchasable","13":"product-type-simple"},"_links":{"self":[{"href":"https:\/\/all-pets.de\/shop\/wp-json\/wp\/v2\/product\/46749","targetHints":{"allow":["GET"]}}],"collection":[{"href":"https:\/\/all-pets.de\/shop\/wp-json\/wp\/v2\/product"}],"about":[{"href":"https:\/\/all-pets.de\/shop\/wp-json\/wp\/v2\/types\/product"}],"replies":[{"embeddable":true,"href":"https:\/\/all-pets.de\/shop\/wp-json\/wp\/v2\/comments?post=46749"}],"wp:featuredmedia":[{"embeddable":true,"href":"https:\/\/all-pets.de\/shop\/wp-json\/wp\/v2\/media\/19704"}],"wp:attachment":[{"href":"https:\/\/all-pets.de\/shop\/wp-json\/wp\/v2\/media?parent=46749"}],"wp:term":[{"taxonomy":"product_cat","embeddable":true,"href":"https:\/\/all-pets.de\/shop\/wp-json\/wp\/v2\/product_cat?post=46749"},{"taxonomy":"product_tag","embeddable":true,"href":"https:\/\/all-pets.de\/shop\/wp-json\/wp\/v2\/product_tag?post=46749"}],"curies":[{"name":"wp","href":"https:\/\/api.w.org\/{rel}","templated":true}]}}