{"id":46750,"date":"2023-12-12T10:52:49","date_gmt":"2023-12-12T09:52:49","guid":{"rendered":"https:\/\/pet-shopping.de\/shop\/produkt\/jr-farm-feldkraeuter-im-eimer-1kg\/"},"modified":"2023-12-12T10:52:49","modified_gmt":"2023-12-12T09:52:49","slug":"jr-farm-feldkraeuter-im-eimer-1kg","status":"publish","type":"product","link":"https:\/\/all-pets.de\/shop\/produkt\/jr-farm-feldkraeuter-im-eimer-1kg\/","title":{"rendered":"JR Farm Feldkr\u00e4uter im Eimer &#8211; 1kg"},"content":{"rendered":"<p>Erg\u00e4nzungsfuttermittel f\u00fcr alle Nager und Zwergkaninchen<\/p>\n<div class=\"content--product-code\">\n<div class=\"detail--product-code\">\n<div class=\"content--title\"> Zusammensetzung <\/div>\n<p>Petersilie 8,5%, Haferflocken 8,3%, Weizenflocken, Rote Beete, Erbsenflocken,Luzerne 6,4%, Spitzwegerich, Birkenbl\u00e4tter, Karotten, Ringelblumenbl\u00fcten 5%, Brennnessel, Weizen, Weizen gepufft, Maisflocken, Mais gepufft,Haferpflanze, Kornblumenbl\u00fcten, Melisse, L\u00f6wenzahn 2%, Pfefferminze,Bergwiesenheu, Rosenbl\u00fcten, Rotklee 0,6%<\/p>\n<\/p><\/div>\n<\/p><\/div>\n<div class=\"content--product-code\">\n<div class=\"detail--product-code\">\n<div class=\"content--title\"> Analytische Bestandteile <\/div>\n<p>Protein 13,1%, Fettgehalt 2,7%, Rohfaser 11,3%, Rohasche 6,4%, Calcium 6305 mg\/kg, Phosphor 2140 mg\/kg, Natrium 928 mg\/kg<\/p>\n<\/p><\/div>\n<\/p><\/div>\n<div class=\"content--product-code\">\n<div class=\"detail--product-code\">\n<div class=\"content--title\"> F\u00fctterungsempfehlung <\/div>\n<p>Gemischt mit Heu oder anderen Kr\u00e4utern, oder zus\u00e4tzlich zur t\u00e4glichen Heuration<\/p>\n<\/p><\/div>\n<\/p><\/div>\n","protected":false},"excerpt":{"rendered":"<p>Erg\u00e4nzungsfuttermittel f\u00fcr alle Nager und Zwergkaninchen Zusammensetzung Petersilie 8,5%, Haferflocken 8,3%, Weizenflocken, Rote Beete, Erbsenflocken,Luzerne 6,4%, Spitzwegerich, Birkenbl\u00e4tter, Karotten, Ringelblumenbl\u00fcten 5%, Brennnessel, Weizen, Weizen gepufft, Maisflocken, Mais gepufft,Haferpflanze, Kornblumenbl\u00fcten, Melisse, L\u00f6wenzahn 2%, Pfefferminze,Bergwiesenheu, Rosenbl\u00fcten, Rotklee 0,6% Analytische Bestandteile Protein 13,1%, Fettgehalt 2,7%, Rohfaser 11,3%, Rohasche 6,4%, Calcium 6305 mg\/kg, Phosphor 2140 mg\/kg, Natrium 928 mg\/kg [&hellip;]<\/p>\n","protected":false},"featured_media":927,"comment_status":"closed","ping_status":"open","template":"","meta":[],"product_cat":[13830],"product_tag":[],"class_list":{"0":"post-46750","1":"product","2":"type-product","3":"status-publish","4":"has-post-thumbnail","6":"product_cat-meerschweinchen","8":"first","9":"instock","10":"taxable","11":"shipping-taxable","12":"purchasable","13":"product-type-simple"},"_links":{"self":[{"href":"https:\/\/all-pets.de\/shop\/wp-json\/wp\/v2\/product\/46750","targetHints":{"allow":["GET"]}}],"collection":[{"href":"https:\/\/all-pets.de\/shop\/wp-json\/wp\/v2\/product"}],"about":[{"href":"https:\/\/all-pets.de\/shop\/wp-json\/wp\/v2\/types\/product"}],"replies":[{"embeddable":true,"href":"https:\/\/all-pets.de\/shop\/wp-json\/wp\/v2\/comments?post=46750"}],"wp:featuredmedia":[{"embeddable":true,"href":"https:\/\/all-pets.de\/shop\/wp-json\/wp\/v2\/media\/927"}],"wp:attachment":[{"href":"https:\/\/all-pets.de\/shop\/wp-json\/wp\/v2\/media?parent=46750"}],"wp:term":[{"taxonomy":"product_cat","embeddable":true,"href":"https:\/\/all-pets.de\/shop\/wp-json\/wp\/v2\/product_cat?post=46750"},{"taxonomy":"product_tag","embeddable":true,"href":"https:\/\/all-pets.de\/shop\/wp-json\/wp\/v2\/product_tag?post=46750"}],"curies":[{"name":"wp","href":"https:\/\/api.w.org\/{rel}","templated":true}]}}