{"id":46757,"date":"2023-12-12T10:52:49","date_gmt":"2023-12-12T09:52:49","guid":{"rendered":"https:\/\/pet-shopping.de\/shop\/produkt\/trixie-futterhaus-zum-haengen-dunkelbraun-weiss\/"},"modified":"2023-12-12T10:52:50","modified_gmt":"2023-12-12T09:52:50","slug":"trixie-futterhaus-zum-haengen-dunkelbraun-weiss","status":"publish","type":"product","link":"https:\/\/all-pets.de\/shop\/produkt\/trixie-futterhaus-zum-haengen-dunkelbraun-weiss\/","title":{"rendered":"Trixie Futterhaus zum H\u00e4ngen &#8211; dunkelbraun\/wei\u00df"},"content":{"rendered":"<ul>\n<li>mit Dach\u00fcberstand<\/li>\n<li>mit besandeter Dachpappe<\/li>\n<li>Kiefernholz, lasiert<\/li>\n<li>einfache Montage<\/li>\n<li>wetterfest<\/li>\n<li>Ma\u00dfe: ca. 36 \u00d7 35 cm (Durchmesser x H\u00f6he)<\/li>\n<li>Farbe: braun\/wei\u00df<\/li>\n<\/ul>\n","protected":false},"excerpt":{"rendered":"<p>mit Dach\u00fcberstand mit besandeter Dachpappe Kiefernholz, lasiert einfache Montage wetterfest Ma\u00dfe: ca. 36 \u00d7 35 cm (Durchmesser x H\u00f6he) Farbe: braun\/wei\u00df<\/p>\n","protected":false},"featured_media":22282,"comment_status":"closed","ping_status":"open","template":"","meta":[],"product_cat":[13693],"product_tag":[],"class_list":{"0":"post-46757","1":"product","2":"type-product","3":"status-publish","4":"has-post-thumbnail","6":"product_cat-holzhaeuser","8":"first","9":"instock","10":"taxable","11":"shipping-taxable","12":"purchasable","13":"product-type-simple"},"_links":{"self":[{"href":"https:\/\/all-pets.de\/shop\/wp-json\/wp\/v2\/product\/46757","targetHints":{"allow":["GET"]}}],"collection":[{"href":"https:\/\/all-pets.de\/shop\/wp-json\/wp\/v2\/product"}],"about":[{"href":"https:\/\/all-pets.de\/shop\/wp-json\/wp\/v2\/types\/product"}],"replies":[{"embeddable":true,"href":"https:\/\/all-pets.de\/shop\/wp-json\/wp\/v2\/comments?post=46757"}],"wp:featuredmedia":[{"embeddable":true,"href":"https:\/\/all-pets.de\/shop\/wp-json\/wp\/v2\/media\/22282"}],"wp:attachment":[{"href":"https:\/\/all-pets.de\/shop\/wp-json\/wp\/v2\/media?parent=46757"}],"wp:term":[{"taxonomy":"product_cat","embeddable":true,"href":"https:\/\/all-pets.de\/shop\/wp-json\/wp\/v2\/product_cat?post=46757"},{"taxonomy":"product_tag","embeddable":true,"href":"https:\/\/all-pets.de\/shop\/wp-json\/wp\/v2\/product_tag?post=46757"}],"curies":[{"name":"wp","href":"https:\/\/api.w.org\/{rel}","templated":true}]}}