{"id":46760,"date":"2023-12-12T10:52:49","date_gmt":"2023-12-12T09:52:49","guid":{"rendered":"https:\/\/pet-shopping.de\/shop\/produkt\/trixie-shampoo-und-massagebuerste-blau-grau\/"},"modified":"2023-12-12T10:52:50","modified_gmt":"2023-12-12T09:52:50","slug":"trixie-shampoo-und-massagebuerste-blau-grau","status":"publish","type":"product","link":"https:\/\/all-pets.de\/shop\/produkt\/trixie-shampoo-und-massagebuerste-blau-grau\/","title":{"rendered":"Trixie Shampoo- und Massageb\u00fcrste &#8211; blau\/grau"},"content":{"rendered":"<p>Die Shampoonier-B\u00fcrste besteht aus Naturgummi und besitzt einen hohlen Knauf, der mit dem Shampoo bef\u00fcllt wird. Sie reinigt das Fell auf sanfte Weise und ist f\u00fcr alle Hunderassen geeignet. Sie massiert die Haut des Hundes und regt die Durchblutung an. Die B\u00fcrste erm\u00f6glicht ein sparsames Auftragen des Shampoos und verteilt es optimal auf dem Fell. Sie eignet sich auch f\u00fcr sensible Tiere.<\/p>\n<p>Durchmesser: ca. 9 cm<\/p>\n","protected":false},"excerpt":{"rendered":"<p>Die Shampoonier-B\u00fcrste besteht aus Naturgummi und besitzt einen hohlen Knauf, der mit dem Shampoo bef\u00fcllt wird. Sie reinigt das Fell auf sanfte Weise und ist f\u00fcr alle Hunderassen geeignet. Sie massiert die Haut des Hundes und regt die Durchblutung an. Die B\u00fcrste erm\u00f6glicht ein sparsames Auftragen des Shampoos und verteilt es optimal auf dem Fell. [&hellip;]<\/p>\n","protected":false},"featured_media":22170,"comment_status":"closed","ping_status":"open","template":"","meta":[],"product_cat":[14569],"product_tag":[],"class_list":{"0":"post-46760","1":"product","2":"type-product","3":"status-publish","4":"has-post-thumbnail","6":"product_cat-hundebuersten-striegel-fellpflege-pflege-gesundheit-reinigen-trocknenhundewelt-fellpflege-pflege-gesundheit-shampooshundewelt-fellpflege-pflege-gesundheit-hundewelt","8":"first","9":"instock","10":"taxable","11":"shipping-taxable","12":"purchasable","13":"product-type-simple"},"_links":{"self":[{"href":"https:\/\/all-pets.de\/shop\/wp-json\/wp\/v2\/product\/46760","targetHints":{"allow":["GET"]}}],"collection":[{"href":"https:\/\/all-pets.de\/shop\/wp-json\/wp\/v2\/product"}],"about":[{"href":"https:\/\/all-pets.de\/shop\/wp-json\/wp\/v2\/types\/product"}],"replies":[{"embeddable":true,"href":"https:\/\/all-pets.de\/shop\/wp-json\/wp\/v2\/comments?post=46760"}],"wp:featuredmedia":[{"embeddable":true,"href":"https:\/\/all-pets.de\/shop\/wp-json\/wp\/v2\/media\/22170"}],"wp:attachment":[{"href":"https:\/\/all-pets.de\/shop\/wp-json\/wp\/v2\/media?parent=46760"}],"wp:term":[{"taxonomy":"product_cat","embeddable":true,"href":"https:\/\/all-pets.de\/shop\/wp-json\/wp\/v2\/product_cat?post=46760"},{"taxonomy":"product_tag","embeddable":true,"href":"https:\/\/all-pets.de\/shop\/wp-json\/wp\/v2\/product_tag?post=46760"}],"curies":[{"name":"wp","href":"https:\/\/api.w.org\/{rel}","templated":true}]}}