{"id":46762,"date":"2023-12-12T10:52:49","date_gmt":"2023-12-12T09:52:49","guid":{"rendered":"https:\/\/pet-shopping.de\/shop\/produkt\/trixie-soft-clicker\/"},"modified":"2023-12-12T10:52:50","modified_gmt":"2023-12-12T09:52:50","slug":"trixie-soft-clicker","status":"publish","type":"product","link":"https:\/\/all-pets.de\/shop\/produkt\/trixie-soft-clicker\/","title":{"rendered":"Trixie Soft-Clicker"},"content":{"rendered":"<p>Der Soft-Clicker von Trixie ist mit einer Clicker-Taste ausgestattet und gew\u00e4hrleistet ein konstant gleichbleibendes Ger\u00e4usch. Durch den sanften Clicker-Ton ist er besonders f\u00fcr Welpen und sensible Tiere geeignet. <\/p>\n<p>Der Soft-Clicker ist durch die m\u00f6gliche Befestigung am Handgelenk mit Hilfe der Spiralschlaufe immer griffbereit und durch den Schnellverschluss einfach von der Handbefestigung abnehmbar.<\/p>\n<p>Inklusive \u00dcbungsheft mit Tipps und Tricks f\u00fcr das optimale Training. <\/p>\n<p>Ein Farbwahl ist leider nicht m\u00f6glich, da die Farbe je nach Lagerbestand gew\u00e4hlt wird. M\u00f6gliche Farben sind Dunkelblau\/Hellblau und Creme\/Schwarz. <\/p>\n","protected":false},"excerpt":{"rendered":"<p>Der Soft-Clicker von Trixie ist mit einer Clicker-Taste ausgestattet und gew\u00e4hrleistet ein konstant gleichbleibendes Ger\u00e4usch. Durch den sanften Clicker-Ton ist er besonders f\u00fcr Welpen und sensible Tiere geeignet. Der Soft-Clicker ist durch die m\u00f6gliche Befestigung am Handgelenk mit Hilfe der Spiralschlaufe immer griffbereit und durch den Schnellverschluss einfach von der Handbefestigung abnehmbar. Inklusive \u00dcbungsheft mit [&hellip;]<\/p>\n","protected":false},"featured_media":22178,"comment_status":"closed","ping_status":"open","template":"","meta":[],"product_cat":[14575],"product_tag":[],"class_list":{"0":"post-46762","1":"product","2":"type-product","3":"status-publish","4":"has-post-thumbnail","6":"product_cat-spiel-sport-ausstattung-zubehoer-agility-trainingkleintierwelt-hundespielzeug-sport-trainings-zubehoerhundewelt-erziehung-intelligenz-spielzeughundewelt","8":"first","9":"instock","10":"taxable","11":"shipping-taxable","12":"purchasable","13":"product-type-simple"},"_links":{"self":[{"href":"https:\/\/all-pets.de\/shop\/wp-json\/wp\/v2\/product\/46762","targetHints":{"allow":["GET"]}}],"collection":[{"href":"https:\/\/all-pets.de\/shop\/wp-json\/wp\/v2\/product"}],"about":[{"href":"https:\/\/all-pets.de\/shop\/wp-json\/wp\/v2\/types\/product"}],"replies":[{"embeddable":true,"href":"https:\/\/all-pets.de\/shop\/wp-json\/wp\/v2\/comments?post=46762"}],"wp:featuredmedia":[{"embeddable":true,"href":"https:\/\/all-pets.de\/shop\/wp-json\/wp\/v2\/media\/22178"}],"wp:attachment":[{"href":"https:\/\/all-pets.de\/shop\/wp-json\/wp\/v2\/media?parent=46762"}],"wp:term":[{"taxonomy":"product_cat","embeddable":true,"href":"https:\/\/all-pets.de\/shop\/wp-json\/wp\/v2\/product_cat?post=46762"},{"taxonomy":"product_tag","embeddable":true,"href":"https:\/\/all-pets.de\/shop\/wp-json\/wp\/v2\/product_tag?post=46762"}],"curies":[{"name":"wp","href":"https:\/\/api.w.org\/{rel}","templated":true}]}}