{"id":46763,"date":"2023-12-12T10:52:49","date_gmt":"2023-12-12T09:52:49","guid":{"rendered":"https:\/\/pet-shopping.de\/shop\/produkt\/trixie-spieltunnel-aus-nylon-4-eingaenge\/"},"modified":"2023-12-12T10:52:51","modified_gmt":"2023-12-12T09:52:51","slug":"trixie-spieltunnel-aus-nylon-4-eingaenge","status":"publish","type":"product","link":"https:\/\/all-pets.de\/shop\/produkt\/trixie-spieltunnel-aus-nylon-4-eingaenge\/","title":{"rendered":"Trixie Spieltunnel aus Nylon &#8211; 4 Eing\u00e4nge"},"content":{"rendered":"<p>Dieser Spieltunnel f\u00fcr Katzen und auch f\u00fcr Welpen besteht aus strapazierf\u00e4higem Nylonmaterial und ist durch integrierte Spiralfedern formstabil. Er eignet sich f\u00fcr drinnen und drau\u00dfen und ist mit vier Eing\u00e4ngen ausgestattet, zum Verstecken und auf die Lauer legen. <\/p>\n<p> Ma\u00dfe: 3 x je ca. 50 x 22 cm (L\u00e4nge x Durchmesser)<\/p>\n<p><\/p>\n","protected":false},"excerpt":{"rendered":"<p>Dieser Spieltunnel f\u00fcr Katzen und auch f\u00fcr Welpen besteht aus strapazierf\u00e4higem Nylonmaterial und ist durch integrierte Spiralfedern formstabil. Er eignet sich f\u00fcr drinnen und drau\u00dfen und ist mit vier Eing\u00e4ngen ausgestattet, zum Verstecken und auf die Lauer legen. Ma\u00dfe: 3 x je ca. 50 x 22 cm (L\u00e4nge x Durchmesser)<\/p>\n","protected":false},"featured_media":46764,"comment_status":"closed","ping_status":"open","template":"","meta":[],"product_cat":[14581],"product_tag":[],"class_list":{"0":"post-46763","1":"product","2":"type-product","3":"status-publish","4":"has-post-thumbnail","6":"product_cat-puppy-spielzeug-hundespielzeug-sport-welpen-aufzuchthundewelt-2","8":"first","9":"instock","10":"taxable","11":"shipping-taxable","12":"purchasable","13":"product-type-simple"},"_links":{"self":[{"href":"https:\/\/all-pets.de\/shop\/wp-json\/wp\/v2\/product\/46763","targetHints":{"allow":["GET"]}}],"collection":[{"href":"https:\/\/all-pets.de\/shop\/wp-json\/wp\/v2\/product"}],"about":[{"href":"https:\/\/all-pets.de\/shop\/wp-json\/wp\/v2\/types\/product"}],"replies":[{"embeddable":true,"href":"https:\/\/all-pets.de\/shop\/wp-json\/wp\/v2\/comments?post=46763"}],"wp:featuredmedia":[{"embeddable":true,"href":"https:\/\/all-pets.de\/shop\/wp-json\/wp\/v2\/media\/46764"}],"wp:attachment":[{"href":"https:\/\/all-pets.de\/shop\/wp-json\/wp\/v2\/media?parent=46763"}],"wp:term":[{"taxonomy":"product_cat","embeddable":true,"href":"https:\/\/all-pets.de\/shop\/wp-json\/wp\/v2\/product_cat?post=46763"},{"taxonomy":"product_tag","embeddable":true,"href":"https:\/\/all-pets.de\/shop\/wp-json\/wp\/v2\/product_tag?post=46763"}],"curies":[{"name":"wp","href":"https:\/\/api.w.org\/{rel}","templated":true}]}}