{"id":46770,"date":"2023-12-12T10:52:49","date_gmt":"2023-12-12T09:52:49","guid":{"rendered":"https:\/\/pet-shopping.de\/shop\/produkt\/trixie-plueschspielzeug-streifenhoernchen\/"},"modified":"2023-12-12T10:52:52","modified_gmt":"2023-12-12T09:52:52","slug":"trixie-plueschspielzeug-streifenhoernchen","status":"publish","type":"product","link":"https:\/\/all-pets.de\/shop\/produkt\/trixie-plueschspielzeug-streifenhoernchen\/","title":{"rendered":"Trixie Pl\u00fcschspielzeug Streifenh\u00f6rnchen"},"content":{"rendered":"<p>Das niedliche Streifenh\u00f6rnchen besteht aus hochwertigem Pl\u00fcsch und ist im Vergleich zu den meisten Pl\u00fcschspielzeugen besonders robust. Es ist mit einem Squeeker ausgestattet und hat eine Gesamtl\u00e4nge von ca. 28 cm.<\/p>\n","protected":false},"excerpt":{"rendered":"<p>Das niedliche Streifenh\u00f6rnchen besteht aus hochwertigem Pl\u00fcsch und ist im Vergleich zu den meisten Pl\u00fcschspielzeugen besonders robust. Es ist mit einem Squeeker ausgestattet und hat eine Gesamtl\u00e4nge von ca. 28 cm.<\/p>\n","protected":false},"featured_media":2607,"comment_status":"closed","ping_status":"open","template":"","meta":[],"product_cat":[13828],"product_tag":[],"class_list":{"0":"post-46770","1":"product","2":"type-product","3":"status-publish","4":"has-post-thumbnail","6":"product_cat-plueschspielzeug-hundespielzeug-sport","8":"first","9":"instock","10":"taxable","11":"shipping-taxable","12":"purchasable","13":"product-type-simple"},"_links":{"self":[{"href":"https:\/\/all-pets.de\/shop\/wp-json\/wp\/v2\/product\/46770","targetHints":{"allow":["GET"]}}],"collection":[{"href":"https:\/\/all-pets.de\/shop\/wp-json\/wp\/v2\/product"}],"about":[{"href":"https:\/\/all-pets.de\/shop\/wp-json\/wp\/v2\/types\/product"}],"replies":[{"embeddable":true,"href":"https:\/\/all-pets.de\/shop\/wp-json\/wp\/v2\/comments?post=46770"}],"wp:featuredmedia":[{"embeddable":true,"href":"https:\/\/all-pets.de\/shop\/wp-json\/wp\/v2\/media\/2607"}],"wp:attachment":[{"href":"https:\/\/all-pets.de\/shop\/wp-json\/wp\/v2\/media?parent=46770"}],"wp:term":[{"taxonomy":"product_cat","embeddable":true,"href":"https:\/\/all-pets.de\/shop\/wp-json\/wp\/v2\/product_cat?post=46770"},{"taxonomy":"product_tag","embeddable":true,"href":"https:\/\/all-pets.de\/shop\/wp-json\/wp\/v2\/product_tag?post=46770"}],"curies":[{"name":"wp","href":"https:\/\/api.w.org\/{rel}","templated":true}]}}