{"id":46785,"date":"2023-12-12T10:52:54","date_gmt":"2023-12-12T09:52:54","guid":{"rendered":"https:\/\/pet-shopping.de\/shop\/produkt\/classic-dog-snack-chickenwings-200g\/"},"modified":"2023-12-12T10:52:56","modified_gmt":"2023-12-12T09:52:56","slug":"classic-dog-snack-chickenwings-200g","status":"publish","type":"product","link":"https:\/\/all-pets.de\/shop\/produkt\/classic-dog-snack-chickenwings-200g\/","title":{"rendered":"Classic Dog Snack Chickenwings 200g"},"content":{"rendered":"<p>Chickenwings sind schonend getrocknete H\u00fchnerfl\u00fcgel. Die Fl\u00fcgel splittern nicht und sind ausreichend weich, als Kausnack f\u00fcr Ihren Hund. <\/p>\n<p><strong>Inhaltsstoffe:<\/strong><br \/> Rohprotein 42,80%, Rohfett 35,80%, Rohasche 12,30%, Feuchtigkeit 7,10%<\/p>\n<p><strong>F\u00fctterungsempfehlung:<\/strong> <\/p>\n<p> Bitte stellen Sie Ihrem Hund immer ausreichend frisches Wasser zur freien Verf\u00fcgung.<\/p>\n","protected":false},"excerpt":{"rendered":"<p>Chickenwings sind schonend getrocknete H\u00fchnerfl\u00fcgel. Die Fl\u00fcgel splittern nicht und sind ausreichend weich, als Kausnack f\u00fcr Ihren Hund. Inhaltsstoffe: Rohprotein 42,80%, Rohfett 35,80%, Rohasche 12,30%, Feuchtigkeit 7,10% F\u00fctterungsempfehlung: Bitte stellen Sie Ihrem Hund immer ausreichend frisches Wasser zur freien Verf\u00fcgung.<\/p>\n","protected":false},"featured_media":31457,"comment_status":"closed","ping_status":"open","template":"","meta":[],"product_cat":[13902],"product_tag":[],"class_list":{"0":"post-46785","1":"product","2":"type-product","3":"status-publish","4":"has-post-thumbnail","6":"product_cat-classic-trockenware","8":"first","9":"instock","10":"taxable","11":"shipping-taxable","12":"purchasable","13":"product-type-simple"},"_links":{"self":[{"href":"https:\/\/all-pets.de\/shop\/wp-json\/wp\/v2\/product\/46785","targetHints":{"allow":["GET"]}}],"collection":[{"href":"https:\/\/all-pets.de\/shop\/wp-json\/wp\/v2\/product"}],"about":[{"href":"https:\/\/all-pets.de\/shop\/wp-json\/wp\/v2\/types\/product"}],"replies":[{"embeddable":true,"href":"https:\/\/all-pets.de\/shop\/wp-json\/wp\/v2\/comments?post=46785"}],"wp:featuredmedia":[{"embeddable":true,"href":"https:\/\/all-pets.de\/shop\/wp-json\/wp\/v2\/media\/31457"}],"wp:attachment":[{"href":"https:\/\/all-pets.de\/shop\/wp-json\/wp\/v2\/media?parent=46785"}],"wp:term":[{"taxonomy":"product_cat","embeddable":true,"href":"https:\/\/all-pets.de\/shop\/wp-json\/wp\/v2\/product_cat?post=46785"},{"taxonomy":"product_tag","embeddable":true,"href":"https:\/\/all-pets.de\/shop\/wp-json\/wp\/v2\/product_tag?post=46785"}],"curies":[{"name":"wp","href":"https:\/\/api.w.org\/{rel}","templated":true}]}}