{"id":46787,"date":"2023-12-12T10:52:54","date_gmt":"2023-12-12T09:52:54","guid":{"rendered":"https:\/\/pet-shopping.de\/shop\/produkt\/feliway-friends-nachfuellflakon-48ml\/"},"modified":"2023-12-12T10:52:56","modified_gmt":"2023-12-12T09:52:56","slug":"feliway-friends-nachfuellflakon-48ml","status":"publish","type":"product","link":"https:\/\/all-pets.de\/shop\/produkt\/feliway-friends-nachfuellflakon-48ml\/","title":{"rendered":"Feliway Friends Nachf\u00fcllflakon 48ml"},"content":{"rendered":"<p>30-Tage-Flakon, 48ml HAPPY CATS: F\u00fcr ein harmonisches Zusammenleben der Katzen zuhause. <\/p>\n<p> In Haushalten mit mehr als einer Katze treten h\u00e4ufig Konflikte zwischen Katzen auf. FELIWAY FRIENDS hilft, wissenschaftlich belegt, Spannungen und Konflikte im Mehrkatzenhaushalt zu reduzieren. Der FELIWAY FRIENDS Verdampfer arbeitet rund um die Uhr und bietet so eine konstante Entspannung und Behaglichkeit im Mehrkatzenhaushalt. Der Verdampfer ist die L\u00f6sung f\u00fcr ein harmonisches und freundschaftliches Zusammenleben von mehreren Katzen. Erste Ver\u00e4nderungen sind nach einer Woche m\u00f6glich. Verwenden Sie den FELIWAY FRIENDS Verdampfer f\u00fcr mindestens einen Monat. H\u00e4ufig haben sich Konflikte und Spannungen \u00fcber l\u00e4ngere Zeit gefestigt. Hier empfehlen wir FELIWAY FRIENDS f\u00fcr ca. 3 Monate anzuwenden. <\/p>\n<p> FELIWAY FRIENDS hilft: &#8211; die H\u00e4ufigkeit und Intensit\u00e4t von Spannungen im Mehrkatzenhaushalt zu reduzieren &#8211; das Zusammenleben zwischen Katzen in einem Haushalt harmonischer zu gestalten Wie funktioniert FELIWAY FRIENDS? In der Natur bildet die Katzenmutter ein spezielles Pheromon, um ihren Katzenbabys ein Gef\u00fchl von Sicherheit und Geborgenheit zu vermitteln. Dieses Pheromon sorgt f\u00fcr eine harmonische Verbundenheit zwischen Mutter und Katzenkind. FELIWAY FRIENDS ist eine synthetische Kopie von diesem Pheromon und hat den gleichen bes\u00e4nftigenden Effekt auf Katzen jeden Alters. Wissenschaftlich belegt, hilft FELIWAY FRIENDS die Spannungen und Konflikte im Mehrkatzenhaushalt zu reduzieren. <\/p>\n<p> Das Wichtigste zum FELIWAY FRIENDS Start-Set im \u00dcberblick: <br \/> &#8211; Hilft Konflikte und Spannungen zwischen zusammenlebenden Katzen zu reduzieren <br \/> &#8211; 30 Tage START-SET: Steckdosen-Verdampfer &#038; Flakon 48ml <br \/> &#8211; F\u00fcr eine Fl\u00e4che von bis zu 70mqm<br \/> &#8211; Von Tier\u00e4rzten entwickelt und empfohlen <br \/> &#8211; Wissenschaftlich belegt <br \/> &#8211; Nicht-medikament\u00f6se Hilfe f\u00fcr mehr Harmonie im Mehrkatzenhaushalt <\/p>\n<p> Einsatzgebiete: <br \/> Bei offensichtlichem Konfliktverhalten, wie: <br \/> &#8211; K\u00e4mpfen<br \/> &#8211; Jagen <br \/> &#8211; Fl\u00fcchten <br \/> &#8211; Fauchen, Kreischen, Anknurren <\/p>\n<p> Bei subtileren Konfliktverhalten, wie: <br \/> &#8211; Weg versperren <br \/> &#8211; Anstarren<br \/> &#8211; Aus dem Weg gehen <br \/> &#8211; Verstecken <\/p>\n<p> Sollten neben Spannungen und Konflikten auch Harn- \/ Kratzmarkierungen auftreten, verwenden Sie zus\u00e4tzlich den FELIWAY CLASSIC Verdampfer bzw. das FELIWAY CLASSIC Spray. Zur Zusammenf\u00fchrung von Katzen, bisher ohne Konflikte und Spannungen, empfehlen wir den FELIWAY CLASSIC Verdampfer 1 Woche vor Ankunft der neuen Katze einzustecken.<\/p>\n<p> Inhaltsstoffe:<\/p>\n<p> Analogon des Katzen-Entspannungspheromons (C.A.P.)\u2026\u2026\u2026\u2026\u2026\u2026\u2026\u2026\u2026\u2026\u2026\u2026\u2026\u2026..2% <br \/> Isoparaffinischer Kohlenwasserstoff\u2026\u2026\u2026\u2026\u2026\u2026\u2026\u2026\u2026\u2026\u2026\u2026\u2026\u2026\u2026\u2026\u2026\u2026\u2026..\u2026\u2026\u2026100ml<\/p>\n<p> Anwendung: \u2022 Drehen Sie den Flakon in den Verdampfer und stecken Sie diesen in die Steckdose ein. \u2022 Lassen Sie den Steckdosen-Verdampfer f\u00fcr die vollen 30 Tage eingesteckt. \u2022 FELIWAY FRIENDS Verdampfer sollte in dem Raum eingesteckt werden, in dem sich die Katzen \u00fcberwiegend aufhalten und Konflikte am h\u00e4ufigsten auftreten. Wenn Ihre Katzen separate Schlafpl\u00e4tze in unterschiedlichen R\u00e4umen haben oder viel Zeit getrennt voneinander verbringen, empfehlen wir mehrere Verdampfer zu verwenden. \u2022 Jeder Verdampfer deckt eine Wohnfl\u00e4che von 50-70 qm ab. \u2022 Um Ihre Katzen kontinuierlich zu unterst\u00fctzen und das gew\u00fcnschte Verhalten zu festigen, k\u00f6nnen Sie nach 30 Tagen den leeren Flakon durch einen neuen FELIWAY FRIENDS Nachf\u00fcllflakon austauschen. \u2022 Der Verdampfer sollte alle 6 Monate ausgetauscht werden. Die FELIWAY Produkte k\u00f6nnen mit jeder Art von Therapie oder Medikation kombiniert werden. Geeignet f\u00fcr Katzen jeden Alters, vom K\u00e4tzchen bis hin zur \u00e4lteren Katze. Daueranwendung m\u00f6glich. Wann der n\u00e4chste Flakonwechsel notwendig ist, kann mit Hilfe des Aufklebers auf dem Flakon im Kalender festgehalten werden. Nicht einstecken: unter einem elektrischen Ger\u00e4t  unter M\u00f6beln oder unter an einer Wand angebrachten Gegenst\u00e4nden  mit einer Mehrfachsteckdose \/ einem Verl\u00e4ngerungskabel.<\/p>\n","protected":false},"excerpt":{"rendered":"<p>30-Tage-Flakon, 48ml HAPPY CATS: F\u00fcr ein harmonisches Zusammenleben der Katzen zuhause. In Haushalten mit mehr als einer Katze treten h\u00e4ufig Konflikte zwischen Katzen auf. FELIWAY FRIENDS hilft, wissenschaftlich belegt, Spannungen und Konflikte im Mehrkatzenhaushalt zu reduzieren. Der FELIWAY FRIENDS Verdampfer arbeitet rund um die Uhr und bietet so eine konstante Entspannung und Behaglichkeit im Mehrkatzenhaushalt. [&hellip;]<\/p>\n","protected":false},"featured_media":46788,"comment_status":"closed","ping_status":"open","template":"","meta":[],"product_cat":[14336],"product_tag":[],"class_list":{"0":"post-46787","1":"product","2":"type-product","3":"status-publish","4":"has-post-thumbnail","6":"product_cat-feliway","8":"first","9":"instock","10":"taxable","11":"shipping-taxable","12":"purchasable","13":"product-type-simple"},"_links":{"self":[{"href":"https:\/\/all-pets.de\/shop\/wp-json\/wp\/v2\/product\/46787","targetHints":{"allow":["GET"]}}],"collection":[{"href":"https:\/\/all-pets.de\/shop\/wp-json\/wp\/v2\/product"}],"about":[{"href":"https:\/\/all-pets.de\/shop\/wp-json\/wp\/v2\/types\/product"}],"replies":[{"embeddable":true,"href":"https:\/\/all-pets.de\/shop\/wp-json\/wp\/v2\/comments?post=46787"}],"wp:featuredmedia":[{"embeddable":true,"href":"https:\/\/all-pets.de\/shop\/wp-json\/wp\/v2\/media\/46788"}],"wp:attachment":[{"href":"https:\/\/all-pets.de\/shop\/wp-json\/wp\/v2\/media?parent=46787"}],"wp:term":[{"taxonomy":"product_cat","embeddable":true,"href":"https:\/\/all-pets.de\/shop\/wp-json\/wp\/v2\/product_cat?post=46787"},{"taxonomy":"product_tag","embeddable":true,"href":"https:\/\/all-pets.de\/shop\/wp-json\/wp\/v2\/product_tag?post=46787"}],"curies":[{"name":"wp","href":"https:\/\/api.w.org\/{rel}","templated":true}]}}