{"id":46790,"date":"2023-12-12T10:52:54","date_gmt":"2023-12-12T09:52:54","guid":{"rendered":"https:\/\/pet-shopping.de\/shop\/produkt\/karlie-flamingo-good4fun-tpr-football\/"},"modified":"2023-12-12T10:52:56","modified_gmt":"2023-12-12T09:52:56","slug":"karlie-flamingo-good4fun-tpr-football","status":"publish","type":"product","link":"https:\/\/all-pets.de\/shop\/produkt\/karlie-flamingo-good4fun-tpr-football\/","title":{"rendered":"Karlie Flamingo good4fun TPR Football"},"content":{"rendered":"<p>good4fun sind Spielzeuge aus Thermo Plastic Rubber, einem Material, das witterungsbest\u00e4ndig und extrem lange haltbar ist. Dieses weiche Material ist besonders zahnfreundlich und nat\u00fcrlich Non Toxic. Auch f\u00fcr Spiele im und am Wasser super geeignet, da die Spielzeuge schwimmf\u00e4hig sind. Geeignet f\u00fcr alle Altersgruppen, vom Puppy bis zum Senior.<\/p>\n<p>Dieser Football mit seinen vielen L\u00f6chern l\u00e4sst sich besonders einfach im Maul transportieren und bietet tollen Spielspa\u00df. Um das Spiel noch spannender zu machen, lassen sich durch die L\u00f6cher auch Leckerlies in den Ball stecken.<\/p>\n<p>L\u00e4nge: ca. 13 cm<\/p>\n<p>Eine Farbwahl ist leider nicht m\u00f6glich, da die Farbe je nach Lagerbestand gew\u00e4hlt wird.<br \/> Inhalt: 1 St\u00fcck<\/p>\n","protected":false},"excerpt":{"rendered":"<p>good4fun sind Spielzeuge aus Thermo Plastic Rubber, einem Material, das witterungsbest\u00e4ndig und extrem lange haltbar ist. Dieses weiche Material ist besonders zahnfreundlich und nat\u00fcrlich Non Toxic. Auch f\u00fcr Spiele im und am Wasser super geeignet, da die Spielzeuge schwimmf\u00e4hig sind. Geeignet f\u00fcr alle Altersgruppen, vom Puppy bis zum Senior. Dieser Football mit seinen vielen L\u00f6chern [&hellip;]<\/p>\n","protected":false},"featured_media":34103,"comment_status":"closed","ping_status":"open","template":"","meta":[],"product_cat":[14199],"product_tag":[],"class_list":{"0":"post-46790","1":"product","2":"type-product","3":"status-publish","4":"has-post-thumbnail","6":"product_cat-aqua-spielzeug-hundespielzeug-sport-hundebaellehundewelt","8":"first","9":"instock","10":"taxable","11":"shipping-taxable","12":"purchasable","13":"product-type-simple"},"_links":{"self":[{"href":"https:\/\/all-pets.de\/shop\/wp-json\/wp\/v2\/product\/46790","targetHints":{"allow":["GET"]}}],"collection":[{"href":"https:\/\/all-pets.de\/shop\/wp-json\/wp\/v2\/product"}],"about":[{"href":"https:\/\/all-pets.de\/shop\/wp-json\/wp\/v2\/types\/product"}],"replies":[{"embeddable":true,"href":"https:\/\/all-pets.de\/shop\/wp-json\/wp\/v2\/comments?post=46790"}],"wp:featuredmedia":[{"embeddable":true,"href":"https:\/\/all-pets.de\/shop\/wp-json\/wp\/v2\/media\/34103"}],"wp:attachment":[{"href":"https:\/\/all-pets.de\/shop\/wp-json\/wp\/v2\/media?parent=46790"}],"wp:term":[{"taxonomy":"product_cat","embeddable":true,"href":"https:\/\/all-pets.de\/shop\/wp-json\/wp\/v2\/product_cat?post=46790"},{"taxonomy":"product_tag","embeddable":true,"href":"https:\/\/all-pets.de\/shop\/wp-json\/wp\/v2\/product_tag?post=46790"}],"curies":[{"name":"wp","href":"https:\/\/api.w.org\/{rel}","templated":true}]}}