{"id":46792,"date":"2023-12-12T10:52:54","date_gmt":"2023-12-12T09:52:54","guid":{"rendered":"https:\/\/pet-shopping.de\/shop\/produkt\/trixie-zahncreme-mit-rindfleischgeschmack\/"},"modified":"2023-12-12T10:52:56","modified_gmt":"2023-12-12T09:52:56","slug":"trixie-zahncreme-mit-rindfleischgeschmack","status":"publish","type":"product","link":"https:\/\/all-pets.de\/shop\/produkt\/trixie-zahncreme-mit-rindfleischgeschmack\/","title":{"rendered":"Trixie Zahncreme mit Rindfleischgeschmack"},"content":{"rendered":"<p>Die neue Zahnpasta f\u00fcr Hunde vom Qualit\u00e4tshersteller Trixie \u00fcberzeugt jeden Hund durch ihren leckeren Rindfleischgeschmack. Das f\u00fcr den Hund angenehme Aroma erleichtert die Zahnpflege. So k\u00f6nnen Sie ganz einfach Zahnstein vorbeugen und den Atem Ihres Hundes l\u00e4nger frisch halten. <\/p>\n<p> Inhalt: 100g<\/p>\n","protected":false},"excerpt":{"rendered":"<p>Die neue Zahnpasta f\u00fcr Hunde vom Qualit\u00e4tshersteller Trixie \u00fcberzeugt jeden Hund durch ihren leckeren Rindfleischgeschmack. Das f\u00fcr den Hund angenehme Aroma erleichtert die Zahnpflege. So k\u00f6nnen Sie ganz einfach Zahnstein vorbeugen und den Atem Ihres Hundes l\u00e4nger frisch halten. Inhalt: 100g<\/p>\n","protected":false},"featured_media":891,"comment_status":"closed","ping_status":"open","template":"","meta":[],"product_cat":[13710],"product_tag":[],"class_list":{"0":"post-46792","1":"product","2":"type-product","3":"status-publish","4":"has-post-thumbnail","6":"product_cat-zahnpflege","8":"first","9":"instock","10":"taxable","11":"shipping-taxable","12":"purchasable","13":"product-type-simple"},"_links":{"self":[{"href":"https:\/\/all-pets.de\/shop\/wp-json\/wp\/v2\/product\/46792","targetHints":{"allow":["GET"]}}],"collection":[{"href":"https:\/\/all-pets.de\/shop\/wp-json\/wp\/v2\/product"}],"about":[{"href":"https:\/\/all-pets.de\/shop\/wp-json\/wp\/v2\/types\/product"}],"replies":[{"embeddable":true,"href":"https:\/\/all-pets.de\/shop\/wp-json\/wp\/v2\/comments?post=46792"}],"wp:featuredmedia":[{"embeddable":true,"href":"https:\/\/all-pets.de\/shop\/wp-json\/wp\/v2\/media\/891"}],"wp:attachment":[{"href":"https:\/\/all-pets.de\/shop\/wp-json\/wp\/v2\/media?parent=46792"}],"wp:term":[{"taxonomy":"product_cat","embeddable":true,"href":"https:\/\/all-pets.de\/shop\/wp-json\/wp\/v2\/product_cat?post=46792"},{"taxonomy":"product_tag","embeddable":true,"href":"https:\/\/all-pets.de\/shop\/wp-json\/wp\/v2\/product_tag?post=46792"}],"curies":[{"name":"wp","href":"https:\/\/api.w.org\/{rel}","templated":true}]}}