{"id":46793,"date":"2023-12-12T10:52:54","date_gmt":"2023-12-12T09:52:54","guid":{"rendered":"https:\/\/pet-shopping.de\/shop\/produkt\/trixie-vogelspielzeug-aus-holz-und-papier\/"},"modified":"2023-12-12T10:52:56","modified_gmt":"2023-12-12T09:52:56","slug":"trixie-vogelspielzeug-aus-holz-und-papier","status":"publish","type":"product","link":"https:\/\/all-pets.de\/shop\/produkt\/trixie-vogelspielzeug-aus-holz-und-papier\/","title":{"rendered":"Trixie Vogelspielzeug aus Holz und Papier"},"content":{"rendered":"<p>Vogelspielzeug f\u00fcr Gro\u00dfsittiche und Papageien aus bunten Holzelementen in verschiedensten Formen und gedrehten bunten Papierb\u00e4ndern. Die Befestigung im K\u00e4fig erfolgt ganz einfach \u00fcber den montierten Haken. <\/p>\n<p>Gesamtma\u00dfe: ca. 31 x 18 cm (LxB)<\/p>\n<p><\/p>\n","protected":false},"excerpt":{"rendered":"<p>Vogelspielzeug f\u00fcr Gro\u00dfsittiche und Papageien aus bunten Holzelementen in verschiedensten Formen und gedrehten bunten Papierb\u00e4ndern. Die Befestigung im K\u00e4fig erfolgt ganz einfach \u00fcber den montierten Haken. Gesamtma\u00dfe: ca. 31 x 18 cm (LxB)<\/p>\n","protected":false},"featured_media":35593,"comment_status":"closed","ping_status":"open","template":"","meta":[],"product_cat":[13692],"product_tag":[],"class_list":{"0":"post-46793","1":"product","2":"type-product","3":"status-publish","4":"has-post-thumbnail","6":"product_cat-spielzeug","8":"first","9":"instock","10":"taxable","11":"shipping-taxable","12":"purchasable","13":"product-type-simple"},"_links":{"self":[{"href":"https:\/\/all-pets.de\/shop\/wp-json\/wp\/v2\/product\/46793","targetHints":{"allow":["GET"]}}],"collection":[{"href":"https:\/\/all-pets.de\/shop\/wp-json\/wp\/v2\/product"}],"about":[{"href":"https:\/\/all-pets.de\/shop\/wp-json\/wp\/v2\/types\/product"}],"replies":[{"embeddable":true,"href":"https:\/\/all-pets.de\/shop\/wp-json\/wp\/v2\/comments?post=46793"}],"wp:featuredmedia":[{"embeddable":true,"href":"https:\/\/all-pets.de\/shop\/wp-json\/wp\/v2\/media\/35593"}],"wp:attachment":[{"href":"https:\/\/all-pets.de\/shop\/wp-json\/wp\/v2\/media?parent=46793"}],"wp:term":[{"taxonomy":"product_cat","embeddable":true,"href":"https:\/\/all-pets.de\/shop\/wp-json\/wp\/v2\/product_cat?post=46793"},{"taxonomy":"product_tag","embeddable":true,"href":"https:\/\/all-pets.de\/shop\/wp-json\/wp\/v2\/product_tag?post=46793"}],"curies":[{"name":"wp","href":"https:\/\/api.w.org\/{rel}","templated":true}]}}