{"id":46794,"date":"2023-12-12T10:52:54","date_gmt":"2023-12-12T09:52:54","guid":{"rendered":"https:\/\/pet-shopping.de\/shop\/produkt\/trixie-vogel-futterhaus\/"},"modified":"2023-12-12T10:52:56","modified_gmt":"2023-12-12T09:52:56","slug":"trixie-vogel-futterhaus","status":"publish","type":"product","link":"https:\/\/all-pets.de\/shop\/produkt\/trixie-vogel-futterhaus\/","title":{"rendered":"Trixie Vogel-Futterhaus"},"content":{"rendered":"<p>Immer sauberes und trockenes Futter bietet dieses h\u00fcbsche Futterhaus zur Wandmontage, egal ob f\u00fcr Wildv\u00f6gel im Garten oder auf dem Balkon oder z.B. in der eigenen Vogelvoliere.<\/p>\n<p>Das Futterhaus besteht aus robustem, dauerhaftem Zedernholz und besitzt eine hohe Resistenz gegen Witterungs- und Sch\u00e4dlingseinfl\u00fcsse. Der Dach\u00fcberstand sorgt daf\u00fcr, dass kein Regenwasser das Futter erreichen kann. Als Landefl\u00e4che dienen Sitzbalken rundum, auf denen kleine V\u00f6gel ohne Probleme genug Platz finden, um in Ruhe essen zu k\u00f6nnen. Das Futter wird einfach in das Haus eingestreut. Zur Befestigung ist an der R\u00fcckwand ein Loch vorhanden, durch das das Haus einfach z.B. auf einen Nagel geh\u00e4ngt werden kann.<\/p>\n<p>Gesamtma\u00dfe: ca. 13 x 15,5 x 14,5 cm (LxBxH)<\/p>\n","protected":false},"excerpt":{"rendered":"<p>Immer sauberes und trockenes Futter bietet dieses h\u00fcbsche Futterhaus zur Wandmontage, egal ob f\u00fcr Wildv\u00f6gel im Garten oder auf dem Balkon oder z.B. in der eigenen Vogelvoliere. Das Futterhaus besteht aus robustem, dauerhaftem Zedernholz und besitzt eine hohe Resistenz gegen Witterungs- und Sch\u00e4dlingseinfl\u00fcsse. Der Dach\u00fcberstand sorgt daf\u00fcr, dass kein Regenwasser das Futter erreichen kann. Als [&hellip;]<\/p>\n","protected":false},"featured_media":35591,"comment_status":"closed","ping_status":"open","template":"","meta":[],"product_cat":[14587],"product_tag":[],"class_list":{"0":"post-46794","1":"product","2":"type-product","3":"status-publish","4":"has-post-thumbnail","6":"product_cat-vogelnaepfe-vogeltraenken-ausstattung-zubehoer-futterhaeuser-nistkaestenvogelwelt-vogelwelt","8":"first","9":"instock","10":"taxable","11":"shipping-taxable","12":"purchasable","13":"product-type-simple"},"_links":{"self":[{"href":"https:\/\/all-pets.de\/shop\/wp-json\/wp\/v2\/product\/46794","targetHints":{"allow":["GET"]}}],"collection":[{"href":"https:\/\/all-pets.de\/shop\/wp-json\/wp\/v2\/product"}],"about":[{"href":"https:\/\/all-pets.de\/shop\/wp-json\/wp\/v2\/types\/product"}],"replies":[{"embeddable":true,"href":"https:\/\/all-pets.de\/shop\/wp-json\/wp\/v2\/comments?post=46794"}],"wp:featuredmedia":[{"embeddable":true,"href":"https:\/\/all-pets.de\/shop\/wp-json\/wp\/v2\/media\/35591"}],"wp:attachment":[{"href":"https:\/\/all-pets.de\/shop\/wp-json\/wp\/v2\/media?parent=46794"}],"wp:term":[{"taxonomy":"product_cat","embeddable":true,"href":"https:\/\/all-pets.de\/shop\/wp-json\/wp\/v2\/product_cat?post=46794"},{"taxonomy":"product_tag","embeddable":true,"href":"https:\/\/all-pets.de\/shop\/wp-json\/wp\/v2\/product_tag?post=46794"}],"curies":[{"name":"wp","href":"https:\/\/api.w.org\/{rel}","templated":true}]}}