{"id":46795,"date":"2023-12-12T10:52:54","date_gmt":"2023-12-12T09:52:54","guid":{"rendered":"https:\/\/pet-shopping.de\/shop\/produkt\/karlie-mouseball-weidenball-mit-soundchipmaus\/"},"modified":"2023-12-12T10:52:57","modified_gmt":"2023-12-12T09:52:57","slug":"karlie-mouseball-weidenball-mit-soundchipmaus","status":"publish","type":"product","link":"https:\/\/all-pets.de\/shop\/produkt\/karlie-mouseball-weidenball-mit-soundchipmaus\/","title":{"rendered":"Karlie Mouseball &#8211; Weidenball mit Soundchipmaus"},"content":{"rendered":"<p>Mouseball \u2026 fang die Maus! Der geniale Spielspa\u00df f\u00fcr alle Katzen! <\/p>\n<p>In diesem Weidenball hat sich eine Soundchipmaus versteckt. Und bei der kleinsten Ber\u00fchrung ert\u00f6nt ein echter Maus-Sound. Der geniale Spielspa\u00df f\u00fcr alle Katzen!<\/p>\n<p>Durchmesser: ca. 10 cm<\/p>\n","protected":false},"excerpt":{"rendered":"<p>Mouseball \u2026 fang die Maus! Der geniale Spielspa\u00df f\u00fcr alle Katzen! In diesem Weidenball hat sich eine Soundchipmaus versteckt. Und bei der kleinsten Ber\u00fchrung ert\u00f6nt ein echter Maus-Sound. Der geniale Spielspa\u00df f\u00fcr alle Katzen! Durchmesser: ca. 10 cm<\/p>\n","protected":false},"featured_media":17821,"comment_status":"closed","ping_status":"open","template":"","meta":[],"product_cat":[14275],"product_tag":[],"class_list":{"0":"post-46795","1":"product","2":"type-product","3":"status-publish","4":"has-post-thumbnail","6":"product_cat-katzenspielmaeuse-katzenspielzeug-katzenbaellekatzenwelt","8":"first","9":"instock","10":"taxable","11":"shipping-taxable","12":"purchasable","13":"product-type-simple"},"_links":{"self":[{"href":"https:\/\/all-pets.de\/shop\/wp-json\/wp\/v2\/product\/46795","targetHints":{"allow":["GET"]}}],"collection":[{"href":"https:\/\/all-pets.de\/shop\/wp-json\/wp\/v2\/product"}],"about":[{"href":"https:\/\/all-pets.de\/shop\/wp-json\/wp\/v2\/types\/product"}],"replies":[{"embeddable":true,"href":"https:\/\/all-pets.de\/shop\/wp-json\/wp\/v2\/comments?post=46795"}],"wp:featuredmedia":[{"embeddable":true,"href":"https:\/\/all-pets.de\/shop\/wp-json\/wp\/v2\/media\/17821"}],"wp:attachment":[{"href":"https:\/\/all-pets.de\/shop\/wp-json\/wp\/v2\/media?parent=46795"}],"wp:term":[{"taxonomy":"product_cat","embeddable":true,"href":"https:\/\/all-pets.de\/shop\/wp-json\/wp\/v2\/product_cat?post=46795"},{"taxonomy":"product_tag","embeddable":true,"href":"https:\/\/all-pets.de\/shop\/wp-json\/wp\/v2\/product_tag?post=46795"}],"curies":[{"name":"wp","href":"https:\/\/api.w.org\/{rel}","templated":true}]}}