{"id":46796,"date":"2023-12-12T10:52:54","date_gmt":"2023-12-12T09:52:54","guid":{"rendered":"https:\/\/pet-shopping.de\/shop\/produkt\/karlie-kitty-hightech-hase-mit-soundchip\/"},"modified":"2023-12-12T10:52:57","modified_gmt":"2023-12-12T09:52:57","slug":"karlie-kitty-hightech-hase-mit-soundchip","status":"publish","type":"product","link":"https:\/\/all-pets.de\/shop\/produkt\/karlie-kitty-hightech-hase-mit-soundchip\/","title":{"rendered":"Karlie Kitty Hightech Hase mit Soundchip"},"content":{"rendered":"<p>Besch\u00e4ftigen Sie Ihre Katze mit diesem tollen Pl\u00fcsch-Spielzeug. Schon beim kleinsten Pfotenstupser ert\u00f6nt ein Sound, ausgel\u00f6st durch den Soundchip im Innern des Spielzeugs. Ein Riesenspa\u00df f\u00fcr jede Katze.<\/p>\n<p>Ma\u00dfe: ca. 6,5 x 3 x 9 cm (LxBxH)<\/p>\n","protected":false},"excerpt":{"rendered":"<p>Besch\u00e4ftigen Sie Ihre Katze mit diesem tollen Pl\u00fcsch-Spielzeug. Schon beim kleinsten Pfotenstupser ert\u00f6nt ein Sound, ausgel\u00f6st durch den Soundchip im Innern des Spielzeugs. Ein Riesenspa\u00df f\u00fcr jede Katze. Ma\u00dfe: ca. 6,5 x 3 x 9 cm (LxBxH)<\/p>\n","protected":false},"featured_media":17797,"comment_status":"closed","ping_status":"open","template":"","meta":[],"product_cat":[14231],"product_tag":[],"class_list":{"0":"post-46796","1":"product","2":"type-product","3":"status-publish","4":"has-post-thumbnail","6":"product_cat-weitere-spielzeuge-katzenspielzeug-katzenspielmaeusekatzenwelt","8":"first","9":"instock","10":"taxable","11":"shipping-taxable","12":"purchasable","13":"product-type-simple"},"_links":{"self":[{"href":"https:\/\/all-pets.de\/shop\/wp-json\/wp\/v2\/product\/46796","targetHints":{"allow":["GET"]}}],"collection":[{"href":"https:\/\/all-pets.de\/shop\/wp-json\/wp\/v2\/product"}],"about":[{"href":"https:\/\/all-pets.de\/shop\/wp-json\/wp\/v2\/types\/product"}],"replies":[{"embeddable":true,"href":"https:\/\/all-pets.de\/shop\/wp-json\/wp\/v2\/comments?post=46796"}],"wp:featuredmedia":[{"embeddable":true,"href":"https:\/\/all-pets.de\/shop\/wp-json\/wp\/v2\/media\/17797"}],"wp:attachment":[{"href":"https:\/\/all-pets.de\/shop\/wp-json\/wp\/v2\/media?parent=46796"}],"wp:term":[{"taxonomy":"product_cat","embeddable":true,"href":"https:\/\/all-pets.de\/shop\/wp-json\/wp\/v2\/product_cat?post=46796"},{"taxonomy":"product_tag","embeddable":true,"href":"https:\/\/all-pets.de\/shop\/wp-json\/wp\/v2\/product_tag?post=46796"}],"curies":[{"name":"wp","href":"https:\/\/api.w.org\/{rel}","templated":true}]}}