{"id":46798,"date":"2023-12-12T10:52:58","date_gmt":"2023-12-12T09:52:58","guid":{"rendered":"https:\/\/pet-shopping.de\/shop\/produkt\/karlie-nagerhaus-chalet-29-x-26-x-24-cm\/"},"modified":"2023-12-12T10:52:58","modified_gmt":"2023-12-12T09:52:58","slug":"karlie-nagerhaus-chalet-29-x-26-x-24-cm","status":"publish","type":"product","link":"https:\/\/all-pets.de\/shop\/produkt\/karlie-nagerhaus-chalet-29-x-26-x-24-cm\/","title":{"rendered":"Karlie Nagerhaus Chalet &#8211; 29 x 26 x 24 cm"},"content":{"rendered":"<p>Das Spiel- und Schlafhaus Chalet aus Naturmaterialien bietet Ihrem Kleinnager viele M\u00f6glichkeiten zum Spielen, sich Zur\u00fcckziehen und Ausruhen auf zwei Etagen. Das Dach ist auf einer Seite abnehmbar und die untere Etage ist komplett ohne Bodenplatte, um die Reinigung zu erleichtern und einen guten Zugriff zu Ihrem Tier zu erm\u00f6glichen. Extra breite \u00d6ffnungen bieten einen bequemen Zugang und sorgen f\u00fcr eine nat\u00fcrliche Luftzirkulation. Das Haus eignet sich f\u00fcr Kleinnager wie Hamster, M\u00e4use und \u00e4hnlich gro\u00dfe Tiere.<\/p>\n<p>Au\u00dfenma\u00dfe: ca. 29 x 26 x 24 cm (BxTxH)<\/p>\n","protected":false},"excerpt":{"rendered":"<p>Das Spiel- und Schlafhaus Chalet aus Naturmaterialien bietet Ihrem Kleinnager viele M\u00f6glichkeiten zum Spielen, sich Zur\u00fcckziehen und Ausruhen auf zwei Etagen. Das Dach ist auf einer Seite abnehmbar und die untere Etage ist komplett ohne Bodenplatte, um die Reinigung zu erleichtern und einen guten Zugriff zu Ihrem Tier zu erm\u00f6glichen. Extra breite \u00d6ffnungen bieten einen [&hellip;]<\/p>\n","protected":false},"featured_media":17893,"comment_status":"closed","ping_status":"open","template":"","meta":[],"product_cat":[13693],"product_tag":[],"class_list":{"0":"post-46798","1":"product","2":"type-product","3":"status-publish","4":"has-post-thumbnail","6":"product_cat-holzhaeuser","8":"first","9":"instock","10":"taxable","11":"shipping-taxable","12":"purchasable","13":"product-type-simple"},"_links":{"self":[{"href":"https:\/\/all-pets.de\/shop\/wp-json\/wp\/v2\/product\/46798","targetHints":{"allow":["GET"]}}],"collection":[{"href":"https:\/\/all-pets.de\/shop\/wp-json\/wp\/v2\/product"}],"about":[{"href":"https:\/\/all-pets.de\/shop\/wp-json\/wp\/v2\/types\/product"}],"replies":[{"embeddable":true,"href":"https:\/\/all-pets.de\/shop\/wp-json\/wp\/v2\/comments?post=46798"}],"wp:featuredmedia":[{"embeddable":true,"href":"https:\/\/all-pets.de\/shop\/wp-json\/wp\/v2\/media\/17893"}],"wp:attachment":[{"href":"https:\/\/all-pets.de\/shop\/wp-json\/wp\/v2\/media?parent=46798"}],"wp:term":[{"taxonomy":"product_cat","embeddable":true,"href":"https:\/\/all-pets.de\/shop\/wp-json\/wp\/v2\/product_cat?post=46798"},{"taxonomy":"product_tag","embeddable":true,"href":"https:\/\/all-pets.de\/shop\/wp-json\/wp\/v2\/product_tag?post=46798"}],"curies":[{"name":"wp","href":"https:\/\/api.w.org\/{rel}","templated":true}]}}